{"id":3025,"date":"2023-11-15T14:24:12","date_gmt":"2023-11-15T14:24:12","guid":{"rendered":"https:\/\/artistasunidos.pt\/livrariaonline\/?post_type=product&#038;p=3025"},"modified":"2026-04-20T20:21:06","modified_gmt":"2026-04-20T20:21:06","slug":"remedio","status":"publish","type":"product","link":"https:\/\/artistasunidos.pt\/livrariaonline\/produto\/remedio\/","title":{"rendered":"REM\u00c9DIO"},"content":{"rendered":"<p>Livrinhos de Teatro n\u00ba 174<\/p>\n<p>Uma edi\u00e7\u00e3o Artistas Unidos\/ SNOB com o apoio Literature Ireland e Caixa Cultura<\/p>\n<p>\u201cEnda Walsh \u00e9 \u00fanico, s\u00f3 ele sabe aliar o grotesco mais s\u00f3rdido ao sublime, a trag\u00e9dia \u00e0 par\u00f3dia, s\u00f3 ele pode gostar dos Karamazov e dos Tr\u00eas Estarolas, aliar a cerveja oper\u00e1ria ao sonho da vida, s\u00f3 ele sabe encarcerar as personagens nos seus sonhos de poder, pesadelos horrivelmente c\u00f3micos, \u00e9 um extraordin\u00e1rio escritor. \u00c9 t\u00e3o bom viver ao mesmo tempo que este rapaz (nasceu em 1967, que raio!) \u2013 e ele mostra-me t\u00e3o bem estes tempos escuros que nos foi dado viver.\u201d<br \/>\nJorge Silva Melo<\/p>\n<p>&nbsp;<\/p>\n<p>&nbsp;<\/p>\n<p>&nbsp;<\/p>\n<p>&nbsp;<\/p>\n<p>&nbsp;<\/p>\n<p>&nbsp;<\/p>\n","protected":false},"excerpt":{"rendered":"<p>de Enda Walsh<\/p>\n","protected":false},"featured_media":3026,"template":"","meta":[],"product_brand":[],"product_cat":[77],"product_tag":[70,78],"class_list":{"0":"post-3025","1":"product","2":"type-product","3":"status-publish","4":"has-post-thumbnail","6":"product_cat-livrinhos-de-teatro","7":"product_tag-enda-walsh","8":"product_tag-livrinhos-de-teatro","10":"first","11":"instock","12":"taxable","13":"shipping-taxable","14":"purchasable","15":"product-type-simple"},"_links":{"self":[{"href":"https:\/\/artistasunidos.pt\/livrariaonline\/wp-json\/wp\/v2\/product\/3025","targetHints":{"allow":["GET"]}}],"collection":[{"href":"https:\/\/artistasunidos.pt\/livrariaonline\/wp-json\/wp\/v2\/product"}],"about":[{"href":"https:\/\/artistasunidos.pt\/livrariaonline\/wp-json\/wp\/v2\/types\/product"}],"wp:featuredmedia":[{"embeddable":true,"href":"https:\/\/artistasunidos.pt\/livrariaonline\/wp-json\/wp\/v2\/media\/3026"}],"wp:attachment":[{"href":"https:\/\/artistasunidos.pt\/livrariaonline\/wp-json\/wp\/v2\/media?parent=3025"}],"wp:term":[{"taxonomy":"product_brand","embeddable":true,"href":"https:\/\/artistasunidos.pt\/livrariaonline\/wp-json\/wp\/v2\/product_brand?post=3025"},{"taxonomy":"product_cat","embeddable":true,"href":"https:\/\/artistasunidos.pt\/livrariaonline\/wp-json\/wp\/v2\/product_cat?post=3025"},{"taxonomy":"product_tag","embeddable":true,"href":"https:\/\/artistasunidos.pt\/livrariaonline\/wp-json\/wp\/v2\/product_tag?post=3025"}],"curies":[{"name":"wp","href":"https:\/\/api.w.org\/{rel}","templated":true}]}}