{"id":3042,"date":"2023-11-14T20:00:00","date_gmt":"2023-11-14T20:00:00","guid":{"rendered":"https:\/\/artistasunidos.pt\/livrariaonline\/?post_type=product&#038;p=3042"},"modified":"2026-04-20T20:21:05","modified_gmt":"2026-04-20T20:21:05","slug":"sombras-andantes-o-triangulo-cor-de-rosa-fronteiras","status":"publish","type":"product","link":"https:\/\/artistasunidos.pt\/livrariaonline\/produto\/sombras-andantes-o-triangulo-cor-de-rosa-fronteiras\/","title":{"rendered":"SOMBRAS ANDANTES \/ O TRI\u00c2NGULO COR-DE-ROSA \/ FRONTEIRAS"},"content":{"rendered":"<p>Livrinhos de Teatro n\u00ba 173<\/p>\n<p>Uma edi\u00e7\u00e3o Artistas Unidos\/ SNOB com o apoio Caixa Cultura<\/p>\n<p>Andr\u00e9 Murra\u00e7as, dramaturgo e encenador, divide-se entre textos que representa a solo e pe\u00e7as para diversos actores. A revista\u00a0<em>Mini Internacional<\/em>\u00a0considerou-o um dos mais relevantes autores da sua gera\u00e7\u00e3o.<\/p>\n","protected":false},"excerpt":{"rendered":"<p>de Andr\u00e9 Murra\u00e7as<\/p>\n","protected":false},"featured_media":3044,"template":"","meta":[],"product_brand":[],"product_cat":[77],"product_tag":[63,78],"class_list":{"0":"post-3042","1":"product","2":"type-product","3":"status-publish","4":"has-post-thumbnail","6":"product_cat-livrinhos-de-teatro","7":"product_tag-andre-murracas","8":"product_tag-livrinhos-de-teatro","10":"first","11":"instock","12":"taxable","13":"shipping-taxable","14":"purchasable","15":"product-type-simple"},"_links":{"self":[{"href":"https:\/\/artistasunidos.pt\/livrariaonline\/wp-json\/wp\/v2\/product\/3042","targetHints":{"allow":["GET"]}}],"collection":[{"href":"https:\/\/artistasunidos.pt\/livrariaonline\/wp-json\/wp\/v2\/product"}],"about":[{"href":"https:\/\/artistasunidos.pt\/livrariaonline\/wp-json\/wp\/v2\/types\/product"}],"wp:featuredmedia":[{"embeddable":true,"href":"https:\/\/artistasunidos.pt\/livrariaonline\/wp-json\/wp\/v2\/media\/3044"}],"wp:attachment":[{"href":"https:\/\/artistasunidos.pt\/livrariaonline\/wp-json\/wp\/v2\/media?parent=3042"}],"wp:term":[{"taxonomy":"product_brand","embeddable":true,"href":"https:\/\/artistasunidos.pt\/livrariaonline\/wp-json\/wp\/v2\/product_brand?post=3042"},{"taxonomy":"product_cat","embeddable":true,"href":"https:\/\/artistasunidos.pt\/livrariaonline\/wp-json\/wp\/v2\/product_cat?post=3042"},{"taxonomy":"product_tag","embeddable":true,"href":"https:\/\/artistasunidos.pt\/livrariaonline\/wp-json\/wp\/v2\/product_tag?post=3042"}],"curies":[{"name":"wp","href":"https:\/\/api.w.org\/{rel}","templated":true}]}}