{"id":3129,"date":"2024-01-31T09:39:16","date_gmt":"2024-01-31T09:39:16","guid":{"rendered":"https:\/\/artistasunidos.pt\/livrariaonline\/?post_type=product&amp;p=3129"},"modified":"2024-01-31T09:39:16","modified_gmt":"2024-01-31T09:39:16","slug":"metade-dos-minutos","status":"publish","type":"product","link":"https:\/\/artistasunidos.pt\/livrariaonline\/produto\/metade-dos-minutos\/","title":{"rendered":"METADE DOS MINUTOS"},"content":{"rendered":"<p>De \u00c2ngela Rocha<\/p>\n<p>Esta publica\u00e7\u00e3o foi concebida enquanto prolongamento editorial da instala\u00e7\u00e3o art\u00edstica Metade dos Minutos de \u00c2ngela Rocha, representante oficial de Portugal na 15\u00aa Quadrienal de Praga &#8211; PQ23.<br \/>\nAtrav\u00e9s da articula\u00e7\u00e3o entre manuseamento, textura e imagem, procurou-se explorar a dimens\u00e3o t\u00e1til do livro, e assim envolver o leitor numa experi\u00eancia sensorial que o convida a desacelerar e a descobrir, com as m\u00e3os e o olhar. O cat\u00e1logo cont\u00e9m um registo gr\u00e1fico desenvolvido a partir das texturas criadas em Metade dos Minutos, um registo fotogr\u00e1fico de elementos da instala\u00e7\u00e3o art\u00edstica e textos da autoria de \u00c2ngela Rocha e Gon\u00e7alo M. Tavares. A capa \u00e9 impressa em tinta termocrom\u00e1tica, transferindo a marca da m\u00e3o de quem a agarra por um breve per\u00edodo.<\/p>\n<p>Este cat\u00e1logo \u00e9 vendido em conjunto com o baralho de cartas Mirabolante.<br \/>\nMirabolante \u00e9 um jogo de cartas para adivinhar o futuro. A partir de um conjunto de 64 cartas originais que combinam imagens e palavras, qualquer pessoa poder\u00e1 magicar a sua pr\u00f3pria vis\u00e3o de futuro, num jogo que pretende ser ao mesmo tempo divertido e significativo.<\/p>\n<p>Dimens\u00e3o:\u00a021 x 15 cm<br \/>\nComissariado e financiamento: Dire\u00e7\u00e3o Geral das Artes<br \/>\nConceito: \u00c2ngela Rocha e S\u00edlvia Prud\u00eancio<br \/>\nLivro biligue pt\/ing<\/p>\n","protected":false},"excerpt":{"rendered":"<p>de \u00c2ngela Rocha<\/p>\n","protected":false},"featured_media":3166,"template":"","meta":[],"product_brand":[],"product_cat":[83],"product_tag":[],"class_list":{"0":"post-3129","1":"product","2":"type-product","3":"status-publish","4":"has-post-thumbnail","6":"product_cat-outros-livros","8":"first","9":"instock","10":"taxable","11":"shipping-taxable","12":"purchasable","13":"product-type-simple"},"_links":{"self":[{"href":"https:\/\/artistasunidos.pt\/livrariaonline\/wp-json\/wp\/v2\/product\/3129","targetHints":{"allow":["GET"]}}],"collection":[{"href":"https:\/\/artistasunidos.pt\/livrariaonline\/wp-json\/wp\/v2\/product"}],"about":[{"href":"https:\/\/artistasunidos.pt\/livrariaonline\/wp-json\/wp\/v2\/types\/product"}],"wp:featuredmedia":[{"embeddable":true,"href":"https:\/\/artistasunidos.pt\/livrariaonline\/wp-json\/wp\/v2\/media\/3166"}],"wp:attachment":[{"href":"https:\/\/artistasunidos.pt\/livrariaonline\/wp-json\/wp\/v2\/media?parent=3129"}],"wp:term":[{"taxonomy":"product_brand","embeddable":true,"href":"https:\/\/artistasunidos.pt\/livrariaonline\/wp-json\/wp\/v2\/product_brand?post=3129"},{"taxonomy":"product_cat","embeddable":true,"href":"https:\/\/artistasunidos.pt\/livrariaonline\/wp-json\/wp\/v2\/product_cat?post=3129"},{"taxonomy":"product_tag","embeddable":true,"href":"https:\/\/artistasunidos.pt\/livrariaonline\/wp-json\/wp\/v2\/product_tag?post=3129"}],"curies":[{"name":"wp","href":"https:\/\/api.w.org\/{rel}","templated":true}]}}