{"id":3487,"date":"2011-09-28T10:47:42","date_gmt":"2011-09-28T10:47:42","guid":{"rendered":"http:\/\/localhost\/testes\/produto\/conferencia-de-imprensa\/"},"modified":"2026-04-20T20:16:38","modified_gmt":"2026-04-20T20:16:38","slug":"conferencia-de-imprensa","status":"publish","type":"product","link":"https:\/\/artistasunidos.pt\/livrariaonline\/produto\/conferencia-de-imprensa\/","title":{"rendered":"CONFER\u00caNCIA DE IMPRENSA"},"content":{"rendered":"<p>Davide Enia, Duncan McLean, Enda Walsh, Finn Iunkerz Irm\u00e3os Presniakov, Jon Fosse, Jos\u00e9 Maria Vieira Mendes, Jorge Silva Melo, Juan Mayorga, Letizia Russo, Marcos Barbosa, Miguel Castro Caldas, Spiro Scimone<br \/>\nTradu\u00e7\u00e3o de Ant\u00f3nio Gon\u00e7alves, Filipe e Nina Guerra, Gast\u00e3o Cruz, Joana Fraz\u00e3o, Jorge Silva Melo, Jos\u00e9 Ant\u00f3nio Costa Ideias, Jos\u00e9 Maria Vieira Mendes, Letizia Russo, Pedro Marques e Pedro Porto Fernandes.<br \/>\nLivrinhos de Teatro, n\u00famero especial, Artistas Unidos \/ Teatro Nacional<br \/>\nD. Maria II \/ Livros Cotovia.<\/p>\n<p>A partir de um sketch de Harold Pinter (Confer\u00eancia de Imprensa) muitos escritores que trabalharam com os Artistas Unidos escreveram, em homenagem a Pinter, pequenos sketches de revista pol\u00edtica. E h\u00e1 uns da Sic\u00edlia, outros das ilhas ao Norte da Esc\u00f3cia, outros ainda do Brasil ou de Ekaterinemburgo, um ali de Sevilha, de Lisboa tamb\u00e9m, neste tempo de guerras.<br \/>\nConfer\u00eancia de Imprensa de Harold Pinter<br \/>\nN\u00e1dia ou Os An\u00f5es V\u00e3o Crescendo de Antonio Onetti<br \/>\nA Coxa Vai Parir Mas o Beb\u00e9 Quer L\u00e1 Saber de Nascer de Antonio Tarantino<br \/>\nSketch de Arne Sierens<br \/>\nA Terra Vista do Mar de Davide Enia<br \/>\nP\u00e1tria de Duncan McLean<br \/>\nLyndie Tem Uma Arma de Enda Walsh<br \/>\nPrepara\u00e7\u00e3o Para o Hades de Finn Iunker<br \/>\nO Nosso Candidato dos Irm\u00e3os Presniakov<br \/>\nAs Asas de Uma Borboleta Vermelha de Jon Fosse<br \/>\nProposta Concreta (&#8230;) \/ Cena Caganita de Jos\u00e9 Maria Vieira Mendes<br \/>\nDepartamento de Justi\u00e7a de Juan Mayorga<br \/>\nPoesia Sem T\u00edtulo de Letizia Russo<br \/>\nBrincando nos Campos de Harold Pinter de Marcos Barbosa<br \/>\nJav\u00e1 do que Andas a Fazer \/ Jav\u00e1 das Tias \/ Jav\u00e1 dos Dentes Podres \/ Jav\u00e1 da Parteira \/ Jav\u00e1 dos Vivos de Miguel Castro Caldas<br \/>\nO Envelope de Spiro Scimone<\/p>\n","protected":false},"excerpt":{"rendered":"<p>de Harold Pinter, Antonio Tarantino, Arne Sierens, Antonio Onetti<\/p>\n","protected":false},"featured_media":3463,"template":"","meta":[],"product_brand":[],"product_cat":[77],"product_tag":[],"class_list":{"0":"post-3487","1":"product","2":"type-product","3":"status-publish","4":"has-post-thumbnail","6":"product_cat-livrinhos-de-teatro","8":"first","9":"outofstock","10":"taxable","11":"shipping-taxable","12":"product-type-simple"},"_links":{"self":[{"href":"https:\/\/artistasunidos.pt\/livrariaonline\/wp-json\/wp\/v2\/product\/3487","targetHints":{"allow":["GET"]}}],"collection":[{"href":"https:\/\/artistasunidos.pt\/livrariaonline\/wp-json\/wp\/v2\/product"}],"about":[{"href":"https:\/\/artistasunidos.pt\/livrariaonline\/wp-json\/wp\/v2\/types\/product"}],"wp:featuredmedia":[{"embeddable":true,"href":"https:\/\/artistasunidos.pt\/livrariaonline\/wp-json\/wp\/v2\/media\/3463"}],"wp:attachment":[{"href":"https:\/\/artistasunidos.pt\/livrariaonline\/wp-json\/wp\/v2\/media?parent=3487"}],"wp:term":[{"taxonomy":"product_brand","embeddable":true,"href":"https:\/\/artistasunidos.pt\/livrariaonline\/wp-json\/wp\/v2\/product_brand?post=3487"},{"taxonomy":"product_cat","embeddable":true,"href":"https:\/\/artistasunidos.pt\/livrariaonline\/wp-json\/wp\/v2\/product_cat?post=3487"},{"taxonomy":"product_tag","embeddable":true,"href":"https:\/\/artistasunidos.pt\/livrariaonline\/wp-json\/wp\/v2\/product_tag?post=3487"}],"curies":[{"name":"wp","href":"https:\/\/api.w.org\/{rel}","templated":true}]}}