{"id":3489,"date":"2011-10-04T10:38:15","date_gmt":"2011-10-04T10:38:15","guid":{"rendered":"http:\/\/localhost\/testes\/produto\/n-14-novembro-2005\/"},"modified":"2011-10-04T10:38:15","modified_gmt":"2011-10-04T10:38:15","slug":"n-14-novembro-2005","status":"publish","type":"product","link":"https:\/\/artistasunidos.pt\/livrariaonline\/produto\/n-14-novembro-2005\/","title":{"rendered":"Revista N\u00ba 14"},"content":{"rendered":"<p><strong>Letizia Russo<br \/>\n<\/strong><strong>&#8211; <\/strong>Tiziano Fratus: Cinco actos de um teatro da mat\u00e9ria e da morte por Letizia Russo<br \/>\n&#8211; Jorge Silva Melo: Um texto em carne viva &#8211; a hist\u00f3ria de Os Animais Dom\u00e9sticos<\/p>\n<p><strong>Fran\u00e7ois Berreur<br \/>\n<\/strong>&#8211; Conversa com: O balan\u00e7o \u00e9 o espect\u00e1culo<\/p>\n<p><strong>Ascanio Celestini<br \/>\n<\/strong>&#8211; Andrea Porcheddu: Conting\u00eancia, ironia, solidariedade<\/p>\n<p><strong>Antonio Onetti<br \/>\n<\/strong>&#8211; Entrevista: Uma pequena verdade<\/p>\n<p><strong>Sarah Kane de viva voz<br \/>\n<\/strong>&#8211; Aleks Sierz: Sarah Kane: a \u00faltima entrevista<br \/>\n&#8211; Heidi Stephenson\/Natasha Langridge: Toda a arte \u00e9 subversiva<br \/>\n&#8211; Nils Tabert: Cingir-se \u00e0 verdade<br \/>\n&#8211; Clare Bailey: Uma mulher muito zangada<br \/>\n&#8211; David Benedict: O que Sarah fez a seguir<br \/>\n&#8211; Kate Stratton: Medidas extremas<br \/>\n&#8211; Claire Armistead: Sem dor n\u00e3o h\u00e1 Kane<br \/>\n&#8211; Sarah Kane: A \u00fanica coisa de que me lembro \u00e9 \/ Teatro com tomates<br \/>\n&#8211; Dan Rebellato: Deitar abaixo os limites<br \/>\n&#8211; Juan Mayorga: A minha recorda\u00e7\u00e3o favorita de Sarah Kane<br \/>\n&#8211; Mark Ravenhill: Suicida? Ela \u00e9 melhor do que isso<\/p>\n<p><strong>Os que andam por a\u00ed afirmando-se (II)<br \/>\n<\/strong>&#8211; Gon\u00e7alo M. Tavares: Possibilidades e \u00e9tica: que teatro?<br \/>\n&#8211; Jacinto Lucas Pires: Notas sobre escrever teatro<br \/>\n&#8211; Jos\u00e9 Maria Vieira Mendes: O meu papel<br \/>\n&#8211; Jorge Loura\u00e7o Figueira: Mini-utopias<br \/>\n&#8211; Miguel Castro Caldas: e o mar \u00e9 o diabo<br \/>\n&#8211; Pedro Eiras: Em vez de uma arte po\u00e9tica<\/p>\n<p><strong>Davide Enia<br \/>\n<\/strong>&#8211; Entrevista: O sabor na boca<br \/>\n&#8211; Davide Enia: A narrativa hoje em It\u00e1lia \/ A minha rela\u00e7\u00e3o com o dialecto palermitano ou aquilo que me ensinou uma bota de futebol \/ Como come\u00e7ou o trabalho de Maio de 43<br \/>\n&#8211; Texto: Maio de 43 de Davide Enia<\/p>\n","protected":false},"excerpt":{"rendered":"<p>(Novembro 2005)<\/p>\n","protected":false},"featured_media":159,"template":"","meta":[],"product_brand":[],"product_cat":[88],"product_tag":[],"class_list":{"0":"post-3489","1":"product","2":"type-product","3":"status-publish","4":"has-post-thumbnail","6":"product_cat-revistas","8":"first","9":"instock","10":"taxable","11":"shipping-taxable","12":"purchasable","13":"product-type-simple"},"_links":{"self":[{"href":"https:\/\/artistasunidos.pt\/livrariaonline\/wp-json\/wp\/v2\/product\/3489","targetHints":{"allow":["GET"]}}],"collection":[{"href":"https:\/\/artistasunidos.pt\/livrariaonline\/wp-json\/wp\/v2\/product"}],"about":[{"href":"https:\/\/artistasunidos.pt\/livrariaonline\/wp-json\/wp\/v2\/types\/product"}],"wp:featuredmedia":[{"embeddable":true,"href":"https:\/\/artistasunidos.pt\/livrariaonline\/wp-json\/wp\/v2\/media\/159"}],"wp:attachment":[{"href":"https:\/\/artistasunidos.pt\/livrariaonline\/wp-json\/wp\/v2\/media?parent=3489"}],"wp:term":[{"taxonomy":"product_brand","embeddable":true,"href":"https:\/\/artistasunidos.pt\/livrariaonline\/wp-json\/wp\/v2\/product_brand?post=3489"},{"taxonomy":"product_cat","embeddable":true,"href":"https:\/\/artistasunidos.pt\/livrariaonline\/wp-json\/wp\/v2\/product_cat?post=3489"},{"taxonomy":"product_tag","embeddable":true,"href":"https:\/\/artistasunidos.pt\/livrariaonline\/wp-json\/wp\/v2\/product_tag?post=3489"}],"curies":[{"name":"wp","href":"https:\/\/api.w.org\/{rel}","templated":true}]}}