{"id":3491,"date":"2012-04-20T14:30:50","date_gmt":"2012-04-20T14:30:50","guid":{"rendered":"http:\/\/localhost\/testes\/produto\/penelope-o-chat-o-novo-dancing-electrico\/"},"modified":"2026-04-20T20:18:17","modified_gmt":"2026-04-20T20:18:17","slug":"penelope-o-chat-o-novo-dancing-electrico","status":"publish","type":"product","link":"https:\/\/artistasunidos.pt\/livrariaonline\/produto\/penelope-o-chat-o-novo-dancing-electrico\/","title":{"rendered":"PEN\u00c9LOPE \/ O CHAT \/ O NOVO DANCING EL\u00c9CTRICO"},"content":{"rendered":"<p>Livrinhos de Teatro n\u00ba 62<\/p>\n<p>Tradu\u00e7\u00e3o de Joana Fraz\u00e3o<\/p>\n<p>Mais tr\u00eas pe\u00e7as daquele que \u00e9 um dos autores fundamentais da nossa contemporaneidade. A nossa grande aposta para a temporada 2011-12.<\/p>\n","protected":false},"excerpt":{"rendered":"<p>de Enda Walsh<\/p>\n","protected":false},"featured_media":744,"template":"","meta":[],"product_brand":[],"product_cat":[77],"product_tag":[],"class_list":{"0":"post-3491","1":"product","2":"type-product","3":"status-publish","4":"has-post-thumbnail","6":"product_cat-livrinhos-de-teatro","8":"first","9":"outofstock","10":"taxable","11":"shipping-taxable","12":"purchasable","13":"product-type-simple"},"_links":{"self":[{"href":"https:\/\/artistasunidos.pt\/livrariaonline\/wp-json\/wp\/v2\/product\/3491","targetHints":{"allow":["GET"]}}],"collection":[{"href":"https:\/\/artistasunidos.pt\/livrariaonline\/wp-json\/wp\/v2\/product"}],"about":[{"href":"https:\/\/artistasunidos.pt\/livrariaonline\/wp-json\/wp\/v2\/types\/product"}],"wp:featuredmedia":[{"embeddable":true,"href":"https:\/\/artistasunidos.pt\/livrariaonline\/wp-json\/wp\/v2\/media\/744"}],"wp:attachment":[{"href":"https:\/\/artistasunidos.pt\/livrariaonline\/wp-json\/wp\/v2\/media?parent=3491"}],"wp:term":[{"taxonomy":"product_brand","embeddable":true,"href":"https:\/\/artistasunidos.pt\/livrariaonline\/wp-json\/wp\/v2\/product_brand?post=3491"},{"taxonomy":"product_cat","embeddable":true,"href":"https:\/\/artistasunidos.pt\/livrariaonline\/wp-json\/wp\/v2\/product_cat?post=3491"},{"taxonomy":"product_tag","embeddable":true,"href":"https:\/\/artistasunidos.pt\/livrariaonline\/wp-json\/wp\/v2\/product_tag?post=3491"}],"curies":[{"name":"wp","href":"https:\/\/api.w.org\/{rel}","templated":true}]}}