{"id":3492,"date":"2012-08-21T11:35:44","date_gmt":"2012-08-21T11:35:44","guid":{"rendered":"http:\/\/localhost\/testes\/produto\/o-campeao-do-mundo-ocidental-cavalgada-para-o-mar-a-sombra-da-ravina\/"},"modified":"2026-04-20T20:18:19","modified_gmt":"2026-04-20T20:18:19","slug":"o-campeao-do-mundo-ocidental-cavalgada-para-o-mar-a-sombra-da-ravina","status":"publish","type":"product","link":"https:\/\/artistasunidos.pt\/livrariaonline\/produto\/o-campeao-do-mundo-ocidental-cavalgada-para-o-mar-a-sombra-da-ravina\/","title":{"rendered":"O CAMPE\u00c3O DO MUNDO OCIDENTAL \/ CAVALGADA PARA O MAR \/ A SOMBRA DA RAVINA"},"content":{"rendered":"<p>Livrinhos de Teatro n\u00ba 64<\/p>\n<p>Artistas Unidos \/ Livros Cotovia<\/p>\n<p>Tradu\u00e7\u00e3o de Joana Fraz\u00e3o<\/p>\n<p>As tr\u00eas pe\u00e7as que inventaram o teatro irland\u00eas. Ou, para dizer a verdade, todo o teatro do s\u00e9culo XX. Uma nova tradu\u00e7\u00e3o de Synge, o grande poeta do palco.<\/p>\n","protected":false},"excerpt":{"rendered":"<p>de J.M.Synge<\/p>\n","protected":false},"featured_media":712,"template":"","meta":[],"product_brand":[],"product_cat":[77],"product_tag":[],"class_list":{"0":"post-3492","1":"product","2":"type-product","3":"status-publish","4":"has-post-thumbnail","6":"product_cat-livrinhos-de-teatro","8":"first","9":"instock","10":"taxable","11":"shipping-taxable","12":"purchasable","13":"product-type-simple"},"_links":{"self":[{"href":"https:\/\/artistasunidos.pt\/livrariaonline\/wp-json\/wp\/v2\/product\/3492","targetHints":{"allow":["GET"]}}],"collection":[{"href":"https:\/\/artistasunidos.pt\/livrariaonline\/wp-json\/wp\/v2\/product"}],"about":[{"href":"https:\/\/artistasunidos.pt\/livrariaonline\/wp-json\/wp\/v2\/types\/product"}],"wp:featuredmedia":[{"embeddable":true,"href":"https:\/\/artistasunidos.pt\/livrariaonline\/wp-json\/wp\/v2\/media\/712"}],"wp:attachment":[{"href":"https:\/\/artistasunidos.pt\/livrariaonline\/wp-json\/wp\/v2\/media?parent=3492"}],"wp:term":[{"taxonomy":"product_brand","embeddable":true,"href":"https:\/\/artistasunidos.pt\/livrariaonline\/wp-json\/wp\/v2\/product_brand?post=3492"},{"taxonomy":"product_cat","embeddable":true,"href":"https:\/\/artistasunidos.pt\/livrariaonline\/wp-json\/wp\/v2\/product_cat?post=3492"},{"taxonomy":"product_tag","embeddable":true,"href":"https:\/\/artistasunidos.pt\/livrariaonline\/wp-json\/wp\/v2\/product_tag?post=3492"}],"curies":[{"name":"wp","href":"https:\/\/api.w.org\/{rel}","templated":true}]}}