{"id":3499,"date":"2017-11-08T15:35:05","date_gmt":"2017-11-08T15:35:05","guid":{"rendered":"http:\/\/www.artistasunidos.pt\/livrariateste\/?post_type=product&#038;p=846"},"modified":"2026-04-20T20:17:04","modified_gmt":"2026-04-20T20:17:04","slug":"orgia-pocilga","status":"publish","type":"product","link":"https:\/\/artistasunidos.pt\/livrariaonline\/produto\/orgia-pocilga\/","title":{"rendered":"ORGIA \/ POCILGA"},"content":{"rendered":"<p>Livrinhos de Teatro n\u00ba 16<\/p>\n<p>Artistas Unidos \/ Livros Cotovia<\/p>\n<p>Tradu\u00e7\u00f5es de Pedro Marques e Olinda Gil<\/p>\n<p>Mais do que uma pe\u00e7a de teatro, Orgia pode ser definido um poema a v\u00e1rias vozes, ou um orat\u00f3rio laico que exprime, entre lirismo e declara\u00e7\u00e3o, os temas preferidos de Pier Paolo Pasolini. A crise da sociedade \u00e9 representada atrav\u00e9s de uma obsess\u00e3o individual, em que o mist\u00e9rio da gera\u00e7\u00e3o de filhos e o problema da identidade pessoal encontram a obsess\u00e3o do sexo, objecto de culpa e meio de conhecimento: eis ent\u00e3o o del\u00edrio, contado, saboreado e seccionado, de um casal sado-masoquista, uma orgia sangrenta de palavras que encontra a sua pr\u00f3pria ess\u00eancia no reconhecimento da diversidade.<\/p>\n<p>Franco Quadri, Panorama, 10 de maio 1982<\/p>\n","protected":false},"excerpt":{"rendered":"<p>de Pier Paolo Pasolini<\/p>\n","protected":false},"featured_media":3450,"template":"","meta":[],"product_brand":[],"product_cat":[77],"product_tag":[],"class_list":{"0":"post-3499","1":"product","2":"type-product","3":"status-publish","4":"has-post-thumbnail","6":"product_cat-livrinhos-de-teatro","8":"first","9":"outofstock","10":"taxable","11":"shipping-taxable","12":"purchasable","13":"product-type-simple"},"_links":{"self":[{"href":"https:\/\/artistasunidos.pt\/livrariaonline\/wp-json\/wp\/v2\/product\/3499","targetHints":{"allow":["GET"]}}],"collection":[{"href":"https:\/\/artistasunidos.pt\/livrariaonline\/wp-json\/wp\/v2\/product"}],"about":[{"href":"https:\/\/artistasunidos.pt\/livrariaonline\/wp-json\/wp\/v2\/types\/product"}],"wp:featuredmedia":[{"embeddable":true,"href":"https:\/\/artistasunidos.pt\/livrariaonline\/wp-json\/wp\/v2\/media\/3450"}],"wp:attachment":[{"href":"https:\/\/artistasunidos.pt\/livrariaonline\/wp-json\/wp\/v2\/media?parent=3499"}],"wp:term":[{"taxonomy":"product_brand","embeddable":true,"href":"https:\/\/artistasunidos.pt\/livrariaonline\/wp-json\/wp\/v2\/product_brand?post=3499"},{"taxonomy":"product_cat","embeddable":true,"href":"https:\/\/artistasunidos.pt\/livrariaonline\/wp-json\/wp\/v2\/product_cat?post=3499"},{"taxonomy":"product_tag","embeddable":true,"href":"https:\/\/artistasunidos.pt\/livrariaonline\/wp-json\/wp\/v2\/product_tag?post=3499"}],"curies":[{"name":"wp","href":"https:\/\/api.w.org\/{rel}","templated":true}]}}