{"id":3503,"date":"2017-11-08T15:53:43","date_gmt":"2017-11-08T15:53:43","guid":{"rendered":"http:\/\/www.artistasunidos.pt\/livrariateste\/?post_type=product&#038;p=866"},"modified":"2026-04-20T20:17:12","modified_gmt":"2026-04-20T20:17:12","slug":"as-presidentes-e-peso-a-mais-sem-peso-sem-forma","status":"publish","type":"product","link":"https:\/\/artistasunidos.pt\/livrariaonline\/produto\/as-presidentes-e-peso-a-mais-sem-peso-sem-forma\/","title":{"rendered":"AS PRESIDENTES e PESO A MAIS, SEM PESO: SEM FORMA"},"content":{"rendered":"<div id=\"idTab1\" class=\"rte\">\n<p>Livrinhos de Teatro n\u00ba 26<\/p>\n<p>Artistas Unidos\/Teatro Aberto\/Livros Cotovia<\/p>\n<p>Tradu\u00e7\u00e3o Vera San Payo de Lemos<\/p>\n<p>Escatol\u00f3gico, irreverente, an\u00e1rquico, sacr\u00edlego, ordin\u00e1rio, o teatro ins\u00f3lito do austr\u00edaco Werner Schwab \u00e9 uma das mais corrosivas an\u00e1lises do capitalismo. Ou a sua inadi\u00e1vel condena\u00e7\u00e3o. N\u00e3o se sai inc\u00f3lume, ningu\u00e9m sai isento deste mundo de lixo, desta sociedade de desperd\u00edcio.<\/p>\n<\/div>\n","protected":false},"excerpt":{"rendered":"<p>de Werner Schwab<\/p>\n","protected":false},"featured_media":3458,"template":"","meta":[],"product_brand":[],"product_cat":[77],"product_tag":[],"class_list":{"0":"post-3503","1":"product","2":"type-product","3":"status-publish","4":"has-post-thumbnail","6":"product_cat-livrinhos-de-teatro","8":"first","9":"instock","10":"taxable","11":"shipping-taxable","12":"purchasable","13":"product-type-simple"},"_links":{"self":[{"href":"https:\/\/artistasunidos.pt\/livrariaonline\/wp-json\/wp\/v2\/product\/3503","targetHints":{"allow":["GET"]}}],"collection":[{"href":"https:\/\/artistasunidos.pt\/livrariaonline\/wp-json\/wp\/v2\/product"}],"about":[{"href":"https:\/\/artistasunidos.pt\/livrariaonline\/wp-json\/wp\/v2\/types\/product"}],"wp:featuredmedia":[{"embeddable":true,"href":"https:\/\/artistasunidos.pt\/livrariaonline\/wp-json\/wp\/v2\/media\/3458"}],"wp:attachment":[{"href":"https:\/\/artistasunidos.pt\/livrariaonline\/wp-json\/wp\/v2\/media?parent=3503"}],"wp:term":[{"taxonomy":"product_brand","embeddable":true,"href":"https:\/\/artistasunidos.pt\/livrariaonline\/wp-json\/wp\/v2\/product_brand?post=3503"},{"taxonomy":"product_cat","embeddable":true,"href":"https:\/\/artistasunidos.pt\/livrariaonline\/wp-json\/wp\/v2\/product_cat?post=3503"},{"taxonomy":"product_tag","embeddable":true,"href":"https:\/\/artistasunidos.pt\/livrariaonline\/wp-json\/wp\/v2\/product_tag?post=3503"}],"curies":[{"name":"wp","href":"https:\/\/api.w.org\/{rel}","templated":true}]}}