{"id":3504,"date":"2017-11-08T15:58:33","date_gmt":"2017-11-08T15:58:33","guid":{"rendered":"http:\/\/www.artistasunidos.pt\/livrariateste\/?post_type=product&#038;p=871"},"modified":"2026-04-20T20:17:14","modified_gmt":"2026-04-20T20:17:14","slug":"o-maravilhoso-mundo-de-dissocia-realismo","status":"publish","type":"product","link":"https:\/\/artistasunidos.pt\/livrariaonline\/produto\/o-maravilhoso-mundo-de-dissocia-realismo\/","title":{"rendered":"O MARAVILHOSO MUNDO DE DISSOCIA \/ REALISMO"},"content":{"rendered":"<p>Livrinhos de Teatro n\u00ba 28<\/p>\n<p>Artistas Unidos \/ Livros Cotovia<\/p>\n<p>Tradu\u00e7\u00e3o Joana Fraz\u00e3o<\/p>\n<p>Como diz o autor: &#8220;se gosta de Alice no Pa\u00eds das Maravilhas mas acha que tem pouco sexo e viol\u00eancia, ent\u00e3o O Maravilhoso Mundo de Dissocia \u00e9 a pe\u00e7a para si&#8221;. Uma pe\u00e7a comovente que confirma Anthony Neilson como uma das maiores vozes no teatro brit\u00e2nico nos nossos dias. Anthony Neilson escreve um quadro sobre a vida de todos os dias O que poderia ser uma fatia da realidade torna-se numa fantasia c\u00f3mica e desordenada. Realismo \u00e9 a celebra\u00e7\u00e3o da normalidade que eleva o quotidiano a um novo n\u00edvel.<\/p>\n","protected":false},"excerpt":{"rendered":"<p>de Anthony Neilson<\/p>\n","protected":false},"featured_media":3460,"template":"","meta":[],"product_brand":[],"product_cat":[77],"product_tag":[],"class_list":{"0":"post-3504","1":"product","2":"type-product","3":"status-publish","4":"has-post-thumbnail","6":"product_cat-livrinhos-de-teatro","8":"first","9":"instock","10":"taxable","11":"shipping-taxable","12":"purchasable","13":"product-type-simple"},"_links":{"self":[{"href":"https:\/\/artistasunidos.pt\/livrariaonline\/wp-json\/wp\/v2\/product\/3504","targetHints":{"allow":["GET"]}}],"collection":[{"href":"https:\/\/artistasunidos.pt\/livrariaonline\/wp-json\/wp\/v2\/product"}],"about":[{"href":"https:\/\/artistasunidos.pt\/livrariaonline\/wp-json\/wp\/v2\/types\/product"}],"wp:featuredmedia":[{"embeddable":true,"href":"https:\/\/artistasunidos.pt\/livrariaonline\/wp-json\/wp\/v2\/media\/3460"}],"wp:attachment":[{"href":"https:\/\/artistasunidos.pt\/livrariaonline\/wp-json\/wp\/v2\/media?parent=3504"}],"wp:term":[{"taxonomy":"product_brand","embeddable":true,"href":"https:\/\/artistasunidos.pt\/livrariaonline\/wp-json\/wp\/v2\/product_brand?post=3504"},{"taxonomy":"product_cat","embeddable":true,"href":"https:\/\/artistasunidos.pt\/livrariaonline\/wp-json\/wp\/v2\/product_cat?post=3504"},{"taxonomy":"product_tag","embeddable":true,"href":"https:\/\/artistasunidos.pt\/livrariaonline\/wp-json\/wp\/v2\/product_tag?post=3504"}],"curies":[{"name":"wp","href":"https:\/\/api.w.org\/{rel}","templated":true}]}}