{"id":3505,"date":"2017-11-08T16:01:42","date_gmt":"2017-11-08T16:01:42","guid":{"rendered":"http:\/\/www.artistasunidos.pt\/livrariateste\/?post_type=product&#038;p=874"},"modified":"2026-04-20T20:17:22","modified_gmt":"2026-04-20T20:17:22","slug":"a-cidade-uma-trilogia","status":"publish","type":"product","link":"https:\/\/artistasunidos.pt\/livrariaonline\/produto\/a-cidade-uma-trilogia\/","title":{"rendered":"A CIDADE &#8211; UMA TRILOGIA"},"content":{"rendered":"<p>Livrinhos de Teatro n\u00ba 29<\/p>\n<p>Artistas Unidos \/ Livros Cotovia<\/p>\n<p>Tradu\u00e7\u00e3o Jos\u00e9 Ant\u00f3nio Costa Ideias<\/p>\n<p>Lula Anagnost\u00e1ki fala da Hist\u00f3ria nas vidas das pessoas, e fala da falta da desilus\u00e3o nos nossos dias. Por debaixo do drama das rela\u00e7\u00f5es do indiv\u00edduo consigo e com os outros, existe sempre o tear da Hist\u00f3ria. A amn\u00e9sia ou apatia pol\u00edticas escondem as for\u00e7as que moldam as personagens. Como um historiador cultural, Lula Anagnost\u00e1ki desconstr\u00f3i as datas e factos para explorar o seu efeito nas vidas das pessoas.<\/p>\n","protected":false},"excerpt":{"rendered":"<p>de Lula Anagnostaki<\/p>\n","protected":false},"featured_media":4270,"template":"","meta":[],"product_brand":[],"product_cat":[77],"product_tag":[],"class_list":{"0":"post-3505","1":"product","2":"type-product","3":"status-publish","4":"has-post-thumbnail","6":"product_cat-livrinhos-de-teatro","8":"first","9":"instock","10":"taxable","11":"shipping-taxable","12":"purchasable","13":"product-type-simple"},"_links":{"self":[{"href":"https:\/\/artistasunidos.pt\/livrariaonline\/wp-json\/wp\/v2\/product\/3505","targetHints":{"allow":["GET"]}}],"collection":[{"href":"https:\/\/artistasunidos.pt\/livrariaonline\/wp-json\/wp\/v2\/product"}],"about":[{"href":"https:\/\/artistasunidos.pt\/livrariaonline\/wp-json\/wp\/v2\/types\/product"}],"wp:featuredmedia":[{"embeddable":true,"href":"https:\/\/artistasunidos.pt\/livrariaonline\/wp-json\/wp\/v2\/media\/4270"}],"wp:attachment":[{"href":"https:\/\/artistasunidos.pt\/livrariaonline\/wp-json\/wp\/v2\/media?parent=3505"}],"wp:term":[{"taxonomy":"product_brand","embeddable":true,"href":"https:\/\/artistasunidos.pt\/livrariaonline\/wp-json\/wp\/v2\/product_brand?post=3505"},{"taxonomy":"product_cat","embeddable":true,"href":"https:\/\/artistasunidos.pt\/livrariaonline\/wp-json\/wp\/v2\/product_cat?post=3505"},{"taxonomy":"product_tag","embeddable":true,"href":"https:\/\/artistasunidos.pt\/livrariaonline\/wp-json\/wp\/v2\/product_tag?post=3505"}],"curies":[{"name":"wp","href":"https:\/\/api.w.org\/{rel}","templated":true}]}}