{"id":3507,"date":"2017-11-08T16:34:42","date_gmt":"2017-11-08T16:34:42","guid":{"rendered":"http:\/\/www.artistasunidos.pt\/livrariateste\/?post_type=product&#038;p=893"},"modified":"2026-04-20T20:19:10","modified_gmt":"2026-04-20T20:19:10","slug":"a-historia-de-ronald-o-palhaco-da-mcdonalds-e-outras-pecas","status":"publish","type":"product","link":"https:\/\/artistasunidos.pt\/livrariaonline\/produto\/a-historia-de-ronald-o-palhaco-da-mcdonalds-e-outras-pecas\/","title":{"rendered":"A HIST\u00d3RIA DE RONALD, O PALHA\u00c7O DA MCDONALDS E OUTRAS PE\u00c7AS"},"content":{"rendered":"<p>Livrinhos de Teatro n\u00ba 98<\/p>\n<p>Uma edi\u00e7\u00e3o Artistas Unidos\/ Livros Cotovia com apoio do Programa Sur e Funda\u00e7\u00e3o Calouste Gulbenkian<\/p>\n<p>Foi em Portugal, no Citemor, que Rodrigo Garcia come\u00e7ou a sua ascens\u00e3o impar\u00e1vel. Precisamente com estas pe\u00e7as criadas no Festival.<\/p>\n","protected":false},"excerpt":{"rendered":"<p>de Rodrigo Garc\u00eda<\/p>\n","protected":false},"featured_media":3468,"template":"","meta":[],"product_brand":[],"product_cat":[77],"product_tag":[],"class_list":{"0":"post-3507","1":"product","2":"type-product","3":"status-publish","4":"has-post-thumbnail","6":"product_cat-livrinhos-de-teatro","8":"first","9":"outofstock","10":"taxable","11":"shipping-taxable","12":"purchasable","13":"product-type-simple"},"_links":{"self":[{"href":"https:\/\/artistasunidos.pt\/livrariaonline\/wp-json\/wp\/v2\/product\/3507","targetHints":{"allow":["GET"]}}],"collection":[{"href":"https:\/\/artistasunidos.pt\/livrariaonline\/wp-json\/wp\/v2\/product"}],"about":[{"href":"https:\/\/artistasunidos.pt\/livrariaonline\/wp-json\/wp\/v2\/types\/product"}],"wp:featuredmedia":[{"embeddable":true,"href":"https:\/\/artistasunidos.pt\/livrariaonline\/wp-json\/wp\/v2\/media\/3468"}],"wp:attachment":[{"href":"https:\/\/artistasunidos.pt\/livrariaonline\/wp-json\/wp\/v2\/media?parent=3507"}],"wp:term":[{"taxonomy":"product_brand","embeddable":true,"href":"https:\/\/artistasunidos.pt\/livrariaonline\/wp-json\/wp\/v2\/product_brand?post=3507"},{"taxonomy":"product_cat","embeddable":true,"href":"https:\/\/artistasunidos.pt\/livrariaonline\/wp-json\/wp\/v2\/product_cat?post=3507"},{"taxonomy":"product_tag","embeddable":true,"href":"https:\/\/artistasunidos.pt\/livrariaonline\/wp-json\/wp\/v2\/product_tag?post=3507"}],"curies":[{"name":"wp","href":"https:\/\/api.w.org\/{rel}","templated":true}]}}