{"id":3510,"date":"2017-11-08T18:20:12","date_gmt":"2017-11-08T18:20:12","guid":{"rendered":"http:\/\/www.artistasunidos.pt\/livrariateste\/?post_type=product&#038;p=909"},"modified":"2026-04-20T20:17:33","modified_gmt":"2026-04-20T20:17:33","slug":"cantigas-de-uma-noite-de-verao-uma-peca-de-amores-e-desamores-e-outras-pecas","status":"publish","type":"product","link":"https:\/\/artistasunidos.pt\/livrariaonline\/produto\/cantigas-de-uma-noite-de-verao-uma-peca-de-amores-e-desamores-e-outras-pecas\/","title":{"rendered":"CANTIGAS DE UMA NOITE DE VER\u00c3O (UMA PE\u00c7A de AMORES E DESAMORES) e outras pe\u00e7as"},"content":{"rendered":"<p>Livrinhos de Teatro n\u00ba 41<\/p>\n<p>Artistas Unidos \/ Livros Cotovia<\/p>\n<p>Tradu\u00e7\u00e3o Pedro Marques<\/p>\n<p>Trilogia com uma pe\u00e7a para crian\u00e7as (Dudas em a Aventura de Dudas e o Relojoeiro), uma para jovens (Lua Amarela) e outra para adultos (Cantigas de Uma Noite de Ver\u00e3o&#8230;).<br \/>\n\u2018Cantigas de Uma Noite de Ver\u00e3o \u00e9 uma pe\u00e7a desavergonhadamente rom\u00e2ntica. Queria escrever algo que reflectisse n\u00e3o um romance cheio de sacarina, mas um romance genu\u00edno e real. (\u2026)Se um musical tem uma d\u00fazia de actores, n\u00f3s temos dois. Se um musical tem uma orquestra, n\u00f3s temos guitarras ac\u00fasticas. Os musicais t\u00eam pessoas que voam como que por magia, n\u00f3s temos v\u00f4os, mas s\u00e3o coisas que os actores puxam. Tem todos os ingredientes de um musical, mas em miniatura.\u2019 (\u2026) \u00e9 sobre o Ver\u00e3o no sentido em que \u00e9 sobre aquele momento da tua vida, que acontece \u00e0 maioria das pessoas por volta dos trinta e cinco anos, em que te perguntas \u2018\u00e9 s\u00f3 isto ? \u00e9 isto que eu sou ?\u2019<br \/>\nDavid Greig<\/p>\n","protected":false},"excerpt":{"rendered":"<p>de David Greig<\/p>\n","protected":false},"featured_media":912,"template":"","meta":[],"product_brand":[],"product_cat":[77],"product_tag":[],"class_list":{"0":"post-3510","1":"product","2":"type-product","3":"status-publish","4":"has-post-thumbnail","6":"product_cat-livrinhos-de-teatro","8":"first","9":"instock","10":"taxable","11":"shipping-taxable","12":"purchasable","13":"product-type-simple"},"_links":{"self":[{"href":"https:\/\/artistasunidos.pt\/livrariaonline\/wp-json\/wp\/v2\/product\/3510","targetHints":{"allow":["GET"]}}],"collection":[{"href":"https:\/\/artistasunidos.pt\/livrariaonline\/wp-json\/wp\/v2\/product"}],"about":[{"href":"https:\/\/artistasunidos.pt\/livrariaonline\/wp-json\/wp\/v2\/types\/product"}],"wp:featuredmedia":[{"embeddable":true,"href":"https:\/\/artistasunidos.pt\/livrariaonline\/wp-json\/wp\/v2\/media\/912"}],"wp:attachment":[{"href":"https:\/\/artistasunidos.pt\/livrariaonline\/wp-json\/wp\/v2\/media?parent=3510"}],"wp:term":[{"taxonomy":"product_brand","embeddable":true,"href":"https:\/\/artistasunidos.pt\/livrariaonline\/wp-json\/wp\/v2\/product_brand?post=3510"},{"taxonomy":"product_cat","embeddable":true,"href":"https:\/\/artistasunidos.pt\/livrariaonline\/wp-json\/wp\/v2\/product_cat?post=3510"},{"taxonomy":"product_tag","embeddable":true,"href":"https:\/\/artistasunidos.pt\/livrariaonline\/wp-json\/wp\/v2\/product_tag?post=3510"}],"curies":[{"name":"wp","href":"https:\/\/api.w.org\/{rel}","templated":true}]}}