{"id":3512,"date":"2017-11-14T10:35:22","date_gmt":"2017-11-14T10:35:22","guid":{"rendered":"http:\/\/www.artistasunidos.pt\/livrariateste\/?post_type=product&#038;p=931"},"modified":"2026-04-20T20:19:28","modified_gmt":"2026-04-20T20:19:28","slug":"a-cozinha","status":"publish","type":"product","link":"https:\/\/artistasunidos.pt\/livrariaonline\/produto\/a-cozinha\/","title":{"rendered":"A COZINHA"},"content":{"rendered":"<p>Livrinhos de Teatro n\u00ba 107<\/p>\n<p>Uma edi\u00e7\u00e3o Artistas Unidos\/ Livros Cotovia<\/p>\n<p>Uma obra maior da renova\u00e7\u00e3o do teatro brit\u00e2nico no final dos anos 50. Uma obra radical. O mundo violento do trabalho e dos desejos.<\/p>\n","protected":false},"excerpt":{"rendered":"<p>de Arnold Wesker<\/p>\n","protected":false},"featured_media":3472,"template":"","meta":[],"product_brand":[],"product_cat":[77],"product_tag":[],"class_list":{"0":"post-3512","1":"product","2":"type-product","3":"status-publish","4":"has-post-thumbnail","6":"product_cat-livrinhos-de-teatro","8":"first","9":"instock","10":"taxable","11":"shipping-taxable","12":"purchasable","13":"product-type-simple"},"_links":{"self":[{"href":"https:\/\/artistasunidos.pt\/livrariaonline\/wp-json\/wp\/v2\/product\/3512","targetHints":{"allow":["GET"]}}],"collection":[{"href":"https:\/\/artistasunidos.pt\/livrariaonline\/wp-json\/wp\/v2\/product"}],"about":[{"href":"https:\/\/artistasunidos.pt\/livrariaonline\/wp-json\/wp\/v2\/types\/product"}],"wp:featuredmedia":[{"embeddable":true,"href":"https:\/\/artistasunidos.pt\/livrariaonline\/wp-json\/wp\/v2\/media\/3472"}],"wp:attachment":[{"href":"https:\/\/artistasunidos.pt\/livrariaonline\/wp-json\/wp\/v2\/media?parent=3512"}],"wp:term":[{"taxonomy":"product_brand","embeddable":true,"href":"https:\/\/artistasunidos.pt\/livrariaonline\/wp-json\/wp\/v2\/product_brand?post=3512"},{"taxonomy":"product_cat","embeddable":true,"href":"https:\/\/artistasunidos.pt\/livrariaonline\/wp-json\/wp\/v2\/product_cat?post=3512"},{"taxonomy":"product_tag","embeddable":true,"href":"https:\/\/artistasunidos.pt\/livrariaonline\/wp-json\/wp\/v2\/product_tag?post=3512"}],"curies":[{"name":"wp","href":"https:\/\/api.w.org\/{rel}","templated":true}]}}