{"id":3803,"date":"2026-02-13T16:01:16","date_gmt":"2026-02-13T16:01:16","guid":{"rendered":"https:\/\/livrariaonline.local\/?post_type=product&#038;p=3803"},"modified":"2026-04-20T20:21:03","modified_gmt":"2026-04-20T20:21:03","slug":"quatro-coracoes-com-travao-e-marcha-atras-um-marido-de-ida-e-volta","status":"publish","type":"product","link":"https:\/\/artistasunidos.pt\/livrariaonline\/produto\/quatro-coracoes-com-travao-e-marcha-atras-um-marido-de-ida-e-volta\/","title":{"rendered":"QUATRO CORA\u00c7\u00d5ES COM TRAV\u00c3O E MARCHA ATR\u00c1S\/ UM MARIDO DE IDA E VOLTA"},"content":{"rendered":"<p>Livrinhos de Teatro n\u00ba 171<\/p>\n<p>Uma edi\u00e7\u00e3o Artistas Unidos\/ SNOB com o apoio Caixa Cultura<\/p>\n<p>Enrique Jardiel Poncela foi um dos renovadores da literatura humor\u00edstica espanhola.<\/p>\n<p>Sa\u00edda em Outubro de 2024<\/p>\n<p>ISBN &#8211; 978-989-35110-1-5<\/p>\n<p>266 p\u00e1ginas<\/p>\n","protected":false},"excerpt":{"rendered":"<p>de Enrique Jardiel Poncela<\/p>\n","protected":false},"featured_media":3853,"template":"","meta":[],"product_brand":[],"product_cat":[77],"product_tag":[78],"class_list":{"0":"post-3803","1":"product","2":"type-product","3":"status-publish","4":"has-post-thumbnail","6":"product_cat-livrinhos-de-teatro","7":"product_tag-livrinhos-de-teatro","9":"first","10":"instock","11":"taxable","12":"shipping-taxable","13":"purchasable","14":"product-type-simple"},"_links":{"self":[{"href":"https:\/\/artistasunidos.pt\/livrariaonline\/wp-json\/wp\/v2\/product\/3803","targetHints":{"allow":["GET"]}}],"collection":[{"href":"https:\/\/artistasunidos.pt\/livrariaonline\/wp-json\/wp\/v2\/product"}],"about":[{"href":"https:\/\/artistasunidos.pt\/livrariaonline\/wp-json\/wp\/v2\/types\/product"}],"wp:featuredmedia":[{"embeddable":true,"href":"https:\/\/artistasunidos.pt\/livrariaonline\/wp-json\/wp\/v2\/media\/3853"}],"wp:attachment":[{"href":"https:\/\/artistasunidos.pt\/livrariaonline\/wp-json\/wp\/v2\/media?parent=3803"}],"wp:term":[{"taxonomy":"product_brand","embeddable":true,"href":"https:\/\/artistasunidos.pt\/livrariaonline\/wp-json\/wp\/v2\/product_brand?post=3803"},{"taxonomy":"product_cat","embeddable":true,"href":"https:\/\/artistasunidos.pt\/livrariaonline\/wp-json\/wp\/v2\/product_cat?post=3803"},{"taxonomy":"product_tag","embeddable":true,"href":"https:\/\/artistasunidos.pt\/livrariaonline\/wp-json\/wp\/v2\/product_tag?post=3803"}],"curies":[{"name":"wp","href":"https:\/\/api.w.org\/{rel}","templated":true}]}}