{"id":3804,"date":"2026-02-13T16:01:16","date_gmt":"2026-02-13T16:01:16","guid":{"rendered":"https:\/\/livrariaonline.local\/?post_type=product&#038;p=3804"},"modified":"2026-04-20T20:21:23","modified_gmt":"2026-04-20T20:21:23","slug":"1984","status":"publish","type":"product","link":"https:\/\/artistasunidos.pt\/livrariaonline\/produto\/1984\/","title":{"rendered":"1984"},"content":{"rendered":"<p>Livrinhos de Teatro n\u00ba 183<\/p>\n<p>Nova adapta\u00e7\u00e3o de Robert Icke e Duncan Macmillan do livro 1984 de George Orwell. Uma pe\u00e7a opressiva em que o livro se torna o protagonista.<\/p>\n<p>Sa\u00edda em Novembro de 2024<\/p>\n<p>ISBN &#8211; 978-989-35623-3-8<\/p>\n","protected":false},"excerpt":{"rendered":"<p>George Orwell numa nova adapta\u00e7\u00e3o de Robert Icke e Duncan Macmillan<\/p>\n","protected":false},"featured_media":3855,"template":"","meta":[],"product_brand":[],"product_cat":[77],"product_tag":[78],"class_list":{"0":"post-3804","1":"product","2":"type-product","3":"status-publish","4":"has-post-thumbnail","6":"product_cat-livrinhos-de-teatro","7":"product_tag-livrinhos-de-teatro","9":"first","10":"instock","11":"featured","12":"taxable","13":"shipping-taxable","14":"purchasable","15":"product-type-simple"},"_links":{"self":[{"href":"https:\/\/artistasunidos.pt\/livrariaonline\/wp-json\/wp\/v2\/product\/3804","targetHints":{"allow":["GET"]}}],"collection":[{"href":"https:\/\/artistasunidos.pt\/livrariaonline\/wp-json\/wp\/v2\/product"}],"about":[{"href":"https:\/\/artistasunidos.pt\/livrariaonline\/wp-json\/wp\/v2\/types\/product"}],"wp:featuredmedia":[{"embeddable":true,"href":"https:\/\/artistasunidos.pt\/livrariaonline\/wp-json\/wp\/v2\/media\/3855"}],"wp:attachment":[{"href":"https:\/\/artistasunidos.pt\/livrariaonline\/wp-json\/wp\/v2\/media?parent=3804"}],"wp:term":[{"taxonomy":"product_brand","embeddable":true,"href":"https:\/\/artistasunidos.pt\/livrariaonline\/wp-json\/wp\/v2\/product_brand?post=3804"},{"taxonomy":"product_cat","embeddable":true,"href":"https:\/\/artistasunidos.pt\/livrariaonline\/wp-json\/wp\/v2\/product_cat?post=3804"},{"taxonomy":"product_tag","embeddable":true,"href":"https:\/\/artistasunidos.pt\/livrariaonline\/wp-json\/wp\/v2\/product_tag?post=3804"}],"curies":[{"name":"wp","href":"https:\/\/api.w.org\/{rel}","templated":true}]}}