{"id":3805,"date":"2026-02-13T16:01:16","date_gmt":"2026-02-13T16:01:16","guid":{"rendered":"https:\/\/livrariaonline.local\/?post_type=product&#038;p=3805"},"modified":"2026-04-16T15:14:26","modified_gmt":"2026-04-16T15:14:26","slug":"todos-meus-filhos","status":"publish","type":"product","link":"https:\/\/artistasunidos.pt\/livrariaonline\/produto\/todos-meus-filhos\/","title":{"rendered":"TODOS MEUS FILHOS"},"content":{"rendered":"<p>Livrinhos de Teatro n\u00ba 182<\/p>\n<p>Uma edi\u00e7\u00e3o Artistas Unidos\/ SNOB com o apoio Caixa Cultura<\/p>\n<p>O teatro contempor\u00e2neo \u00e9 todo filho de Arthur Miller, n\u00e3o \u00e9? Filho rebelde, parricida, deserdado, filho herdeiro\u2026<\/p>\n<p>SA\u00cdDA em Novembro 2024<\/p>\n<p>ISBN &#8211; 978-989-35623-4-5<\/p>\n","protected":false},"excerpt":{"rendered":"<p>de Arthur Miller<\/p>\n","protected":false},"featured_media":3857,"template":"","meta":[],"product_brand":[],"product_cat":[77],"product_tag":[65,78],"class_list":{"0":"post-3805","1":"product","2":"type-product","3":"status-publish","4":"has-post-thumbnail","6":"product_cat-livrinhos-de-teatro","7":"product_tag-arthur-miller","8":"product_tag-livrinhos-de-teatro","10":"first","11":"instock","12":"featured","13":"taxable","14":"shipping-taxable","15":"purchasable","16":"product-type-simple"},"_links":{"self":[{"href":"https:\/\/artistasunidos.pt\/livrariaonline\/wp-json\/wp\/v2\/product\/3805","targetHints":{"allow":["GET"]}}],"collection":[{"href":"https:\/\/artistasunidos.pt\/livrariaonline\/wp-json\/wp\/v2\/product"}],"about":[{"href":"https:\/\/artistasunidos.pt\/livrariaonline\/wp-json\/wp\/v2\/types\/product"}],"wp:featuredmedia":[{"embeddable":true,"href":"https:\/\/artistasunidos.pt\/livrariaonline\/wp-json\/wp\/v2\/media\/3857"}],"wp:attachment":[{"href":"https:\/\/artistasunidos.pt\/livrariaonline\/wp-json\/wp\/v2\/media?parent=3805"}],"wp:term":[{"taxonomy":"product_brand","embeddable":true,"href":"https:\/\/artistasunidos.pt\/livrariaonline\/wp-json\/wp\/v2\/product_brand?post=3805"},{"taxonomy":"product_cat","embeddable":true,"href":"https:\/\/artistasunidos.pt\/livrariaonline\/wp-json\/wp\/v2\/product_cat?post=3805"},{"taxonomy":"product_tag","embeddable":true,"href":"https:\/\/artistasunidos.pt\/livrariaonline\/wp-json\/wp\/v2\/product_tag?post=3805"}],"curies":[{"name":"wp","href":"https:\/\/api.w.org\/{rel}","templated":true}]}}