{"id":3806,"date":"2026-02-13T16:01:16","date_gmt":"2026-02-13T16:01:16","guid":{"rendered":"https:\/\/livrariaonline.local\/?post_type=product&#038;p=3806"},"modified":"2026-04-20T20:21:24","modified_gmt":"2026-04-20T20:21:24","slug":"a-love-supreme","status":"publish","type":"product","link":"https:\/\/artistasunidos.pt\/livrariaonline\/produto\/a-love-supreme\/","title":{"rendered":"A LOVE SUPREME"},"content":{"rendered":"<p>Livrinhos de Teatro n\u00ba 184<\/p>\n<p>Uma edi\u00e7\u00e3o Artistas Unidos\/ SNOB com o apoio Caixa Cultura<\/p>\n<p>Mon\u00f3logo pungente, \u00faltimo f\u00f4lego de uma mulher apaixonada pelo palco e pelo jogo. Uma vis\u00e3o de Pigalle e da noite, enquadrada no olhar dos homens sobre as mulheres e o sexo. Um mundo de brilho e solid\u00e3o.<\/p>\n<p>SA\u00cdDA em Novembro 2024<\/p>\n<p>ISBN &#8211; 978-989-35623-5-2<\/p>\n","protected":false},"excerpt":{"rendered":"<p>de Xavier Durringer<\/p>\n","protected":false},"featured_media":3824,"template":"","meta":[],"product_brand":[],"product_cat":[77],"product_tag":[78,101],"class_list":{"0":"post-3806","1":"product","2":"type-product","3":"status-publish","4":"has-post-thumbnail","6":"product_cat-livrinhos-de-teatro","7":"product_tag-livrinhos-de-teatro","8":"product_tag-xavier-durringer","10":"first","11":"instock","12":"featured","13":"taxable","14":"shipping-taxable","15":"purchasable","16":"product-type-simple"},"_links":{"self":[{"href":"https:\/\/artistasunidos.pt\/livrariaonline\/wp-json\/wp\/v2\/product\/3806","targetHints":{"allow":["GET"]}}],"collection":[{"href":"https:\/\/artistasunidos.pt\/livrariaonline\/wp-json\/wp\/v2\/product"}],"about":[{"href":"https:\/\/artistasunidos.pt\/livrariaonline\/wp-json\/wp\/v2\/types\/product"}],"wp:featuredmedia":[{"embeddable":true,"href":"https:\/\/artistasunidos.pt\/livrariaonline\/wp-json\/wp\/v2\/media\/3824"}],"wp:attachment":[{"href":"https:\/\/artistasunidos.pt\/livrariaonline\/wp-json\/wp\/v2\/media?parent=3806"}],"wp:term":[{"taxonomy":"product_brand","embeddable":true,"href":"https:\/\/artistasunidos.pt\/livrariaonline\/wp-json\/wp\/v2\/product_brand?post=3806"},{"taxonomy":"product_cat","embeddable":true,"href":"https:\/\/artistasunidos.pt\/livrariaonline\/wp-json\/wp\/v2\/product_cat?post=3806"},{"taxonomy":"product_tag","embeddable":true,"href":"https:\/\/artistasunidos.pt\/livrariaonline\/wp-json\/wp\/v2\/product_tag?post=3806"}],"curies":[{"name":"wp","href":"https:\/\/api.w.org\/{rel}","templated":true}]}}