{"id":3813,"date":"2026-02-13T16:01:17","date_gmt":"2026-02-13T16:01:17","guid":{"rendered":"https:\/\/livrariaonline.local\/?post_type=product&#038;p=3813"},"modified":"2026-04-20T20:21:27","modified_gmt":"2026-04-20T20:21:27","slug":"isma-ou-o-que-se-chama-nada","status":"publish","type":"product","link":"https:\/\/artistasunidos.pt\/livrariaonline\/produto\/isma-ou-o-que-se-chama-nada\/","title":{"rendered":"ISMA OU O QUE SE CHAMA NADA"},"content":{"rendered":"<p>Livrinhos de Teatro n\u00ba 187<\/p>\n<p>Uma edi\u00e7\u00e3o Artistas Unidos\/ Livros Snob com o apoio Caixa Cultura e CNL<\/p>\n<p>O teatro original de uma das maiores escritoras do s\u00e9culo XX: \u201cNas minhas pe\u00e7as, \u2013 diz Sarraute \u2013 n\u00e3o h\u00e1 ac\u00e7\u00e3o, foi substitu\u00edda pelo fluxo e refluxo das palavras\u201d.<\/p>\n<p>SA\u00cdDA em Abril 2025<\/p>\n<p>ISBN &#8211; 978-989-35623-9-0<\/p>\n","protected":false},"excerpt":{"rendered":"<p>de Nathalie Sarraute<\/p>\n","protected":false},"featured_media":3840,"template":"","meta":[],"product_brand":[],"product_cat":[77],"product_tag":[78,105],"class_list":{"0":"post-3813","1":"product","2":"type-product","3":"status-publish","4":"has-post-thumbnail","6":"product_cat-livrinhos-de-teatro","7":"product_tag-livrinhos-de-teatro","8":"product_tag-nathalie-sarraute","10":"first","11":"instock","12":"featured","13":"taxable","14":"shipping-taxable","15":"purchasable","16":"product-type-simple"},"_links":{"self":[{"href":"https:\/\/artistasunidos.pt\/livrariaonline\/wp-json\/wp\/v2\/product\/3813","targetHints":{"allow":["GET"]}}],"collection":[{"href":"https:\/\/artistasunidos.pt\/livrariaonline\/wp-json\/wp\/v2\/product"}],"about":[{"href":"https:\/\/artistasunidos.pt\/livrariaonline\/wp-json\/wp\/v2\/types\/product"}],"wp:featuredmedia":[{"embeddable":true,"href":"https:\/\/artistasunidos.pt\/livrariaonline\/wp-json\/wp\/v2\/media\/3840"}],"wp:attachment":[{"href":"https:\/\/artistasunidos.pt\/livrariaonline\/wp-json\/wp\/v2\/media?parent=3813"}],"wp:term":[{"taxonomy":"product_brand","embeddable":true,"href":"https:\/\/artistasunidos.pt\/livrariaonline\/wp-json\/wp\/v2\/product_brand?post=3813"},{"taxonomy":"product_cat","embeddable":true,"href":"https:\/\/artistasunidos.pt\/livrariaonline\/wp-json\/wp\/v2\/product_cat?post=3813"},{"taxonomy":"product_tag","embeddable":true,"href":"https:\/\/artistasunidos.pt\/livrariaonline\/wp-json\/wp\/v2\/product_tag?post=3813"}],"curies":[{"name":"wp","href":"https:\/\/api.w.org\/{rel}","templated":true}]}}