{"id":3816,"date":"2026-02-13T16:01:18","date_gmt":"2026-02-13T16:01:18","guid":{"rendered":"https:\/\/livrariaonline.local\/?post_type=product&#038;p=3816"},"modified":"2026-04-20T20:21:31","modified_gmt":"2026-04-20T20:21:31","slug":"re-antigona","status":"publish","type":"product","link":"https:\/\/artistasunidos.pt\/livrariaonline\/produto\/re-antigona\/","title":{"rendered":"RE: ANT\u00cdGONA"},"content":{"rendered":"<p>Livrinhos de Teatro n\u00ba 191<\/p>\n<p>Uma edi\u00e7\u00e3o Artistas Unidos\/ Livros Snob<\/p>\n<p><em>Ant\u00edgona<\/em>\u00a0oferece uma nova perspetiva, um \u201creply\u201d ao passado repleto de quest\u00f5es sem respostas, transformando a figura de Ant\u00edgona.<br \/>\nSA\u00cdDA em Setembro 2025<\/p>\n<p>ISBN &#8211; 978-989-36286-2-1<\/p>\n","protected":false},"excerpt":{"rendered":"<p>de Andr\u00e9 e. Teod\u00f3sio e Jos\u00e9 Maria Vieira Mendes<\/p>\n","protected":false},"featured_media":3835,"template":"","meta":[],"product_brand":[],"product_cat":[77],"product_tag":[108,78],"class_list":{"0":"post-3816","1":"product","2":"type-product","3":"status-publish","4":"has-post-thumbnail","6":"product_cat-livrinhos-de-teatro","7":"product_tag-andre-e-teodosio-e-jose-maria-vieira-mendes","8":"product_tag-livrinhos-de-teatro","10":"first","11":"instock","12":"featured","13":"taxable","14":"shipping-taxable","15":"purchasable","16":"product-type-simple"},"_links":{"self":[{"href":"https:\/\/artistasunidos.pt\/livrariaonline\/wp-json\/wp\/v2\/product\/3816","targetHints":{"allow":["GET"]}}],"collection":[{"href":"https:\/\/artistasunidos.pt\/livrariaonline\/wp-json\/wp\/v2\/product"}],"about":[{"href":"https:\/\/artistasunidos.pt\/livrariaonline\/wp-json\/wp\/v2\/types\/product"}],"wp:featuredmedia":[{"embeddable":true,"href":"https:\/\/artistasunidos.pt\/livrariaonline\/wp-json\/wp\/v2\/media\/3835"}],"wp:attachment":[{"href":"https:\/\/artistasunidos.pt\/livrariaonline\/wp-json\/wp\/v2\/media?parent=3816"}],"wp:term":[{"taxonomy":"product_brand","embeddable":true,"href":"https:\/\/artistasunidos.pt\/livrariaonline\/wp-json\/wp\/v2\/product_brand?post=3816"},{"taxonomy":"product_cat","embeddable":true,"href":"https:\/\/artistasunidos.pt\/livrariaonline\/wp-json\/wp\/v2\/product_cat?post=3816"},{"taxonomy":"product_tag","embeddable":true,"href":"https:\/\/artistasunidos.pt\/livrariaonline\/wp-json\/wp\/v2\/product_tag?post=3816"}],"curies":[{"name":"wp","href":"https:\/\/api.w.org\/{rel}","templated":true}]}}