{"id":3819,"date":"2026-02-13T16:01:18","date_gmt":"2026-02-13T16:01:18","guid":{"rendered":"https:\/\/livrariaonline.local\/?post_type=product&#038;p=3819"},"modified":"2026-04-20T20:21:32","modified_gmt":"2026-04-20T20:21:32","slug":"e-sonhei-que-me-estava-a-afogar-mudar-de-pele","status":"publish","type":"product","link":"https:\/\/artistasunidos.pt\/livrariaonline\/produto\/e-sonhei-que-me-estava-a-afogar-mudar-de-pele\/","title":{"rendered":"E SONHEI QUE ME ESTAVA A AFOGAR \/ MUDAR DE PELE"},"content":{"rendered":"<p>Livrinhos de Teatro n\u00ba 193<\/p>\n<p>Uma edi\u00e7\u00e3o Artistas Unidos\/ Livros Snob<br \/>\nSA\u00cdDA em Novembro 2025<\/p>\n<p>Amanda Wilkin \u00e9 uma das vozes emergentes de uma nova gera\u00e7\u00e3o de dramaturgos.<\/p>\n<p>ISBN &#8211; 978-989-36286-5-2<\/p>\n","protected":false},"excerpt":{"rendered":"<p>de Amanda Wilkin<\/p>\n","protected":false},"featured_media":3837,"template":"","meta":[],"product_brand":[],"product_cat":[77],"product_tag":[110,78],"class_list":{"0":"post-3819","1":"product","2":"type-product","3":"status-publish","4":"has-post-thumbnail","6":"product_cat-livrinhos-de-teatro","7":"product_tag-amanda-wilkin","8":"product_tag-livrinhos-de-teatro","10":"first","11":"instock","12":"featured","13":"taxable","14":"shipping-taxable","15":"purchasable","16":"product-type-simple"},"_links":{"self":[{"href":"https:\/\/artistasunidos.pt\/livrariaonline\/wp-json\/wp\/v2\/product\/3819","targetHints":{"allow":["GET"]}}],"collection":[{"href":"https:\/\/artistasunidos.pt\/livrariaonline\/wp-json\/wp\/v2\/product"}],"about":[{"href":"https:\/\/artistasunidos.pt\/livrariaonline\/wp-json\/wp\/v2\/types\/product"}],"wp:featuredmedia":[{"embeddable":true,"href":"https:\/\/artistasunidos.pt\/livrariaonline\/wp-json\/wp\/v2\/media\/3837"}],"wp:attachment":[{"href":"https:\/\/artistasunidos.pt\/livrariaonline\/wp-json\/wp\/v2\/media?parent=3819"}],"wp:term":[{"taxonomy":"product_brand","embeddable":true,"href":"https:\/\/artistasunidos.pt\/livrariaonline\/wp-json\/wp\/v2\/product_brand?post=3819"},{"taxonomy":"product_cat","embeddable":true,"href":"https:\/\/artistasunidos.pt\/livrariaonline\/wp-json\/wp\/v2\/product_cat?post=3819"},{"taxonomy":"product_tag","embeddable":true,"href":"https:\/\/artistasunidos.pt\/livrariaonline\/wp-json\/wp\/v2\/product_tag?post=3819"}],"curies":[{"name":"wp","href":"https:\/\/api.w.org\/{rel}","templated":true}]}}