{"id":3820,"date":"2026-02-13T16:01:19","date_gmt":"2026-02-13T16:01:19","guid":{"rendered":"https:\/\/livrariaonline.local\/?post_type=product&#038;p=3820"},"modified":"2026-04-20T20:21:33","modified_gmt":"2026-04-20T20:21:33","slug":"o-meu-amigo-freddy-krueger-valentim","status":"publish","type":"product","link":"https:\/\/artistasunidos.pt\/livrariaonline\/produto\/o-meu-amigo-freddy-krueger-valentim\/","title":{"rendered":"O MEU AMIGO FREDDY KRUEGER\/ VALENTIM"},"content":{"rendered":"<p>Livrinhos de Teatro n\u00ba 194<\/p>\n<p>Uma edi\u00e7\u00e3o Artistas Unidos\/ Livros Snob<br \/>\nSA\u00cdDA em Novembro 2025<\/p>\n<p><b><\/b>Andr\u00e9 Murra\u00e7as, dramaturgo e encenador, divide-se entre textos que representa a solo e pe\u00e7as para diversos actores. A revista <i>Mini Internacional<\/i>\u00a0considerou-o um dos mais relevantes autores da sua gera\u00e7\u00e3o.<\/p>\n<p>ISBN &#8211; 978-989-36286-5-2<\/p>\n","protected":false},"excerpt":{"rendered":"<p>de <b><\/b>Andr\u00e9 Murra\u00e7as<\/p>\n","protected":false},"featured_media":3827,"template":"","meta":[],"product_brand":[],"product_cat":[77],"product_tag":[63,78],"class_list":{"0":"post-3820","1":"product","2":"type-product","3":"status-publish","4":"has-post-thumbnail","6":"product_cat-livrinhos-de-teatro","7":"product_tag-andre-murracas","8":"product_tag-livrinhos-de-teatro","10":"first","11":"instock","12":"featured","13":"taxable","14":"shipping-taxable","15":"purchasable","16":"product-type-simple"},"_links":{"self":[{"href":"https:\/\/artistasunidos.pt\/livrariaonline\/wp-json\/wp\/v2\/product\/3820","targetHints":{"allow":["GET"]}}],"collection":[{"href":"https:\/\/artistasunidos.pt\/livrariaonline\/wp-json\/wp\/v2\/product"}],"about":[{"href":"https:\/\/artistasunidos.pt\/livrariaonline\/wp-json\/wp\/v2\/types\/product"}],"wp:featuredmedia":[{"embeddable":true,"href":"https:\/\/artistasunidos.pt\/livrariaonline\/wp-json\/wp\/v2\/media\/3827"}],"wp:attachment":[{"href":"https:\/\/artistasunidos.pt\/livrariaonline\/wp-json\/wp\/v2\/media?parent=3820"}],"wp:term":[{"taxonomy":"product_brand","embeddable":true,"href":"https:\/\/artistasunidos.pt\/livrariaonline\/wp-json\/wp\/v2\/product_brand?post=3820"},{"taxonomy":"product_cat","embeddable":true,"href":"https:\/\/artistasunidos.pt\/livrariaonline\/wp-json\/wp\/v2\/product_cat?post=3820"},{"taxonomy":"product_tag","embeddable":true,"href":"https:\/\/artistasunidos.pt\/livrariaonline\/wp-json\/wp\/v2\/product_tag?post=3820"}],"curies":[{"name":"wp","href":"https:\/\/api.w.org\/{rel}","templated":true}]}}