{"id":387,"date":"2011-09-21T17:53:32","date_gmt":"2011-09-21T17:53:32","guid":{"rendered":"http:\/\/localhost\/testes\/produto\/nunzio-cafe-a-festa\/"},"modified":"2026-04-20T20:16:40","modified_gmt":"2026-04-20T20:16:40","slug":"nunzio-cafe-a-festa","status":"publish","type":"product","link":"https:\/\/artistasunidos.pt\/livrariaonline\/produto\/nunzio-cafe-a-festa\/","title":{"rendered":"NUNZIO \/ CAF\u00c9 \/ A FESTA"},"content":{"rendered":"<p>Livrinhos de Teatro n\u00ba 1<\/p>\n<p>Artistas Unidos<\/p>\n<p>Tradu\u00e7\u00f5es de Jorge Silva Melo com a colabora\u00e7\u00e3o de Alessandra Balsamo e Am\u00e9rico Silva<\/p>\n<p>Numa Sic\u00edlia dir-se-ia que inventada por Pinter, nascem os textos elementares e misteriosos de Spiro Scimone e por ele representados com Francesco Sframeli Deste teatro irresistivelmente c\u00f3mico na sua rigorosa seriedade, nasce um grito de loucura. \u00c9 um teatro baseado na observa\u00e7\u00e3o objectiva do paradoxo quotidiano como muitos dos inesquec\u00edveis gags do cinema mudo. Mas tudo misturado numa atmosfera de filme muito negro.<\/p>\n<p><strong>Franco Quadri<\/strong><\/p>\n<p>&nbsp;<\/p>\n","protected":false},"excerpt":{"rendered":"<p>de Spiro Scimone<\/p>\n","protected":false},"featured_media":4280,"template":"","meta":[],"product_brand":[],"product_cat":[77],"product_tag":[],"class_list":{"0":"post-387","1":"product","2":"type-product","3":"status-publish","4":"has-post-thumbnail","6":"product_cat-livrinhos-de-teatro","8":"first","9":"outofstock","10":"taxable","11":"shipping-taxable","12":"purchasable","13":"product-type-simple"},"_links":{"self":[{"href":"https:\/\/artistasunidos.pt\/livrariaonline\/wp-json\/wp\/v2\/product\/387","targetHints":{"allow":["GET"]}}],"collection":[{"href":"https:\/\/artistasunidos.pt\/livrariaonline\/wp-json\/wp\/v2\/product"}],"about":[{"href":"https:\/\/artistasunidos.pt\/livrariaonline\/wp-json\/wp\/v2\/types\/product"}],"wp:featuredmedia":[{"embeddable":true,"href":"https:\/\/artistasunidos.pt\/livrariaonline\/wp-json\/wp\/v2\/media\/4280"}],"wp:attachment":[{"href":"https:\/\/artistasunidos.pt\/livrariaonline\/wp-json\/wp\/v2\/media?parent=387"}],"wp:term":[{"taxonomy":"product_brand","embeddable":true,"href":"https:\/\/artistasunidos.pt\/livrariaonline\/wp-json\/wp\/v2\/product_brand?post=387"},{"taxonomy":"product_cat","embeddable":true,"href":"https:\/\/artistasunidos.pt\/livrariaonline\/wp-json\/wp\/v2\/product_cat?post=387"},{"taxonomy":"product_tag","embeddable":true,"href":"https:\/\/artistasunidos.pt\/livrariaonline\/wp-json\/wp\/v2\/product_tag?post=387"}],"curies":[{"name":"wp","href":"https:\/\/api.w.org\/{rel}","templated":true}]}}