{"id":393,"date":"2011-09-26T11:24:59","date_gmt":"2011-09-26T11:24:59","guid":{"rendered":"http:\/\/localhost\/testes\/produto\/tao-so-o-fim-do-mundo-as-regras-da-arte-de-bem-viver-na-sociedade-moderna-estava-em-casa-a-espera-que-a-chuva-viesse\/"},"modified":"2026-04-20T20:16:45","modified_gmt":"2026-04-20T20:16:45","slug":"tao-so-o-fim-do-mundo-as-regras-da-arte-de-bem-viver-na-sociedade-moderna-estava-em-casa-a-espera-que-a-chuva-viesse","status":"publish","type":"product","link":"https:\/\/artistasunidos.pt\/livrariaonline\/produto\/tao-so-o-fim-do-mundo-as-regras-da-arte-de-bem-viver-na-sociedade-moderna-estava-em-casa-a-espera-que-a-chuva-viesse\/","title":{"rendered":"T\u00c3O S\u00d3 O FIM DO MUNDO \/ AS REGRAS DA ARTE DE BEM VIVER NA SOCIEDADE MODERNA \/ ESTAVA EM CASA \u00c0 ESPERA QUE A CHUVA VIESSE"},"content":{"rendered":"<p>Livrinhos de Teatro n\u00ba 7<\/p>\n<p>Artistas Unidos \/ Livros Cotovia<\/p>\n<p>Tradu\u00e7\u00f5es de Alexandra Moreira da Silva<\/p>\n<p>Lagarce escreve sem recorrer a efeitos, numa l\u00edngua simples e bela. Usa poucas palavras, sempre justas, sempre as mesmas como em Racine. Algu\u00e9m vai morrer. \u00c9 uma quest\u00e3o de tempo. A escrita tamb\u00e9m \u00e9 uma quest\u00e3o de tempo: aqui \u00e9 a palavra que toca a finados.&#8221; Fr\u00e9d\u00e9ric Ferney, Le Figaro<\/p>\n<p>A l\u00edngua de Lagarce \u00e9 bela, simples, sem qualquer \u00eanfase. N\u00e3o recorre a imagens. H\u00e1 uma economia que lhe confere um tom l\u00edrico, sugere mais do que diz. E h\u00e1 um ritmo, uma musicalidade da palavra.&#8221;<br \/>\n<strong>Raymonde Temkine, Europe<\/strong><\/p>\n","protected":false},"excerpt":{"rendered":"<p>de Jean-Luc Lagarce<\/p>\n","protected":false},"featured_media":2703,"template":"","meta":[],"product_brand":[],"product_cat":[77],"product_tag":[],"class_list":{"0":"post-393","1":"product","2":"type-product","3":"status-publish","4":"has-post-thumbnail","6":"product_cat-livrinhos-de-teatro","8":"first","9":"instock","10":"taxable","11":"shipping-taxable","12":"purchasable","13":"product-type-simple"},"_links":{"self":[{"href":"https:\/\/artistasunidos.pt\/livrariaonline\/wp-json\/wp\/v2\/product\/393","targetHints":{"allow":["GET"]}}],"collection":[{"href":"https:\/\/artistasunidos.pt\/livrariaonline\/wp-json\/wp\/v2\/product"}],"about":[{"href":"https:\/\/artistasunidos.pt\/livrariaonline\/wp-json\/wp\/v2\/types\/product"}],"wp:featuredmedia":[{"embeddable":true,"href":"https:\/\/artistasunidos.pt\/livrariaonline\/wp-json\/wp\/v2\/media\/2703"}],"wp:attachment":[{"href":"https:\/\/artistasunidos.pt\/livrariaonline\/wp-json\/wp\/v2\/media?parent=393"}],"wp:term":[{"taxonomy":"product_brand","embeddable":true,"href":"https:\/\/artistasunidos.pt\/livrariaonline\/wp-json\/wp\/v2\/product_brand?post=393"},{"taxonomy":"product_cat","embeddable":true,"href":"https:\/\/artistasunidos.pt\/livrariaonline\/wp-json\/wp\/v2\/product_cat?post=393"},{"taxonomy":"product_tag","embeddable":true,"href":"https:\/\/artistasunidos.pt\/livrariaonline\/wp-json\/wp\/v2\/product_tag?post=393"}],"curies":[{"name":"wp","href":"https:\/\/api.w.org\/{rel}","templated":true}]}}