{"id":403,"date":"2011-09-26T12:45:47","date_gmt":"2011-09-26T12:45:47","guid":{"rendered":"http:\/\/localhost\/testes\/produto\/besta-de-estilo\/"},"modified":"2011-09-26T12:45:47","modified_gmt":"2011-09-26T12:45:47","slug":"besta-de-estilo","status":"publish","type":"product","link":"https:\/\/artistasunidos.pt\/livrariaonline\/produto\/besta-de-estilo\/","title":{"rendered":"BESTA DE ESTILO"},"content":{"rendered":"<p>Tradu\u00e7\u00e3o de Clara Rowland<br \/>\nLivrinhos de Teatro n\u00ba 17, Artistas Unidos\/ Culturgest\/Livros Cotovia<\/p>\n<p>Esta \u00e9 uma trag\u00e9dia declaradamente Inspirada na hist\u00f3ria aut\u00eantica de Jan Palach que se imolou pelo fogo aquando da invas\u00e3o de Praga pelos tanques sovi\u00e9ticos em 1968. E Pier Paolo Pasolini questiona-se sobre a Alemanha, a burguesia, o incesto, o Capital e a Revolu\u00e7\u00e3o. Provavelmente, o texto teatral mais inquietante de entre aqueles que nos deixou o poeta, romancista, cineasta italiano.<\/p>\n","protected":false},"excerpt":{"rendered":"<p>de Pier Paolo Pasolini<\/p>\n","protected":false},"featured_media":3451,"template":"","meta":[],"product_brand":[],"product_cat":[77],"product_tag":[],"class_list":{"0":"post-403","1":"product","2":"type-product","3":"status-publish","4":"has-post-thumbnail","6":"product_cat-livrinhos-de-teatro","8":"first","9":"outofstock","10":"taxable","11":"shipping-taxable","12":"purchasable","13":"product-type-simple"},"_links":{"self":[{"href":"https:\/\/artistasunidos.pt\/livrariaonline\/wp-json\/wp\/v2\/product\/403","targetHints":{"allow":["GET"]}}],"collection":[{"href":"https:\/\/artistasunidos.pt\/livrariaonline\/wp-json\/wp\/v2\/product"}],"about":[{"href":"https:\/\/artistasunidos.pt\/livrariaonline\/wp-json\/wp\/v2\/types\/product"}],"wp:featuredmedia":[{"embeddable":true,"href":"https:\/\/artistasunidos.pt\/livrariaonline\/wp-json\/wp\/v2\/media\/3451"}],"wp:attachment":[{"href":"https:\/\/artistasunidos.pt\/livrariaonline\/wp-json\/wp\/v2\/media?parent=403"}],"wp:term":[{"taxonomy":"product_brand","embeddable":true,"href":"https:\/\/artistasunidos.pt\/livrariaonline\/wp-json\/wp\/v2\/product_brand?post=403"},{"taxonomy":"product_cat","embeddable":true,"href":"https:\/\/artistasunidos.pt\/livrariaonline\/wp-json\/wp\/v2\/product_cat?post=403"},{"taxonomy":"product_tag","embeddable":true,"href":"https:\/\/artistasunidos.pt\/livrariaonline\/wp-json\/wp\/v2\/product_tag?post=403"}],"curies":[{"name":"wp","href":"https:\/\/api.w.org\/{rel}","templated":true}]}}