{"id":411,"date":"2011-09-26T15:32:51","date_gmt":"2011-09-26T15:32:51","guid":{"rendered":"http:\/\/localhost\/testes\/produto\/desejo-e-outras-pecas\/"},"modified":"2026-04-20T20:17:11","modified_gmt":"2026-04-20T20:17:11","slug":"desejo-e-outras-pecas","status":"publish","type":"product","link":"https:\/\/artistasunidos.pt\/livrariaonline\/produto\/desejo-e-outras-pecas\/","title":{"rendered":"DESEJO E OUTRAS PE\u00c7AS"},"content":{"rendered":"<p>Livrinhos de Teatro n\u00ba 25<\/p>\n<p>Artistas Unidos\/Livros Cotovia<\/p>\n<p>Desejo, E.R., O Quarto do Mi\u00fado e Precisamente Hoje<br \/>\nTradu\u00e7\u00f5es \u00c2ngelo Ferreira de Sousa e Joana Fraz\u00e3o<\/p>\n<p>Nestas quatro pe\u00e7as (Desejo, E.R., O Quarto do Mi\u00fado, Precisamente Hoje)<br \/>\nBenet i Jornet fala-nos de um mundo moderno, de gente que vive entre resid\u00eancias secund\u00e1rias, auto-estradas, quartos de hotel. E no aparente realismo com que magicamente estabelece as rela\u00e7\u00f5es entre personagens, abre-se uma fenda, uma brecha, uma porta. E \u00e0s vezes \u00e9 o Mal quem est\u00e1 para l\u00e1 da porta. Ou sabemos l\u00e1 o qu\u00ea.<br \/>\n\u201cOs sentimentos s\u00e3o um luxo de pessoas que podem desperdi\u00e7ar o seu tempo.\u201d<br \/>\n<strong>Josep M. Benet i Jornet<\/strong><\/p>\n","protected":false},"excerpt":{"rendered":"<p>de Josep M. Benet i Jornet<\/p>\n","protected":false},"featured_media":767,"template":"","meta":[],"product_brand":[],"product_cat":[77],"product_tag":[],"class_list":{"0":"post-411","1":"product","2":"type-product","3":"status-publish","4":"has-post-thumbnail","6":"product_cat-livrinhos-de-teatro","8":"first","9":"instock","10":"taxable","11":"shipping-taxable","12":"purchasable","13":"product-type-simple"},"_links":{"self":[{"href":"https:\/\/artistasunidos.pt\/livrariaonline\/wp-json\/wp\/v2\/product\/411","targetHints":{"allow":["GET"]}}],"collection":[{"href":"https:\/\/artistasunidos.pt\/livrariaonline\/wp-json\/wp\/v2\/product"}],"about":[{"href":"https:\/\/artistasunidos.pt\/livrariaonline\/wp-json\/wp\/v2\/types\/product"}],"wp:featuredmedia":[{"embeddable":true,"href":"https:\/\/artistasunidos.pt\/livrariaonline\/wp-json\/wp\/v2\/media\/767"}],"wp:attachment":[{"href":"https:\/\/artistasunidos.pt\/livrariaonline\/wp-json\/wp\/v2\/media?parent=411"}],"wp:term":[{"taxonomy":"product_brand","embeddable":true,"href":"https:\/\/artistasunidos.pt\/livrariaonline\/wp-json\/wp\/v2\/product_brand?post=411"},{"taxonomy":"product_cat","embeddable":true,"href":"https:\/\/artistasunidos.pt\/livrariaonline\/wp-json\/wp\/v2\/product_cat?post=411"},{"taxonomy":"product_tag","embeddable":true,"href":"https:\/\/artistasunidos.pt\/livrariaonline\/wp-json\/wp\/v2\/product_tag?post=411"}],"curies":[{"name":"wp","href":"https:\/\/api.w.org\/{rel}","templated":true}]}}