{"id":4317,"date":"2026-05-11T11:11:39","date_gmt":"2026-05-11T11:11:39","guid":{"rendered":"https:\/\/artistasunidos.pt\/livrariaonline\/?post_type=product&#038;p=4317"},"modified":"2026-05-11T11:14:33","modified_gmt":"2026-05-11T11:14:33","slug":"anna-ok-boomer-carbono","status":"publish","type":"product","link":"https:\/\/artistasunidos.pt\/livrariaonline\/produto\/anna-ok-boomer-carbono\/","title":{"rendered":"ANNA \/ OK, BOOMER \/ CARBONO"},"content":{"rendered":"<p>Livrinhos de Teatro n\u00ba 201<\/p>\n<p>Uma edi\u00e7\u00e3o Artistas Unidos\/ Livros Snob\/ TBA com o apoio Caixa Cultura e Minist\u00e9rio dos Neg\u00f3cios Estrangeiros e da Coopera\u00e7\u00e3o Iternacional Intaliano<br \/>\nSA\u00cdDA em Maio 2026<\/p>\n<p>Os autores presentes nestes volumes foram escolhidos nas mais recentes edi\u00e7\u00f5es do Pr\u00e9mio Riccione, o mais antigo e importante pr\u00e9mio dedicado \u00e0 dramaturgia italiana.<\/p>\n<p>ISBN: 978-989-36788-3-1<\/p>\n<p>&nbsp;<\/p>\n","protected":false},"excerpt":{"rendered":"<p>ANNA de Tommaso Fermariello<br \/>\nOK, BOOMER de Nicol\u00f2 Sordo<br \/>\nCARBONO de Pier Lorenzo Pisano<\/p>\n","protected":false},"featured_media":4318,"template":"","meta":[],"product_brand":[],"product_cat":[77],"product_tag":[78],"class_list":{"0":"post-4317","1":"product","2":"type-product","3":"status-publish","4":"has-post-thumbnail","6":"product_cat-livrinhos-de-teatro","7":"product_tag-livrinhos-de-teatro","9":"first","10":"instock","11":"featured","12":"taxable","13":"shipping-taxable","14":"purchasable","15":"product-type-simple"},"_links":{"self":[{"href":"https:\/\/artistasunidos.pt\/livrariaonline\/wp-json\/wp\/v2\/product\/4317","targetHints":{"allow":["GET"]}}],"collection":[{"href":"https:\/\/artistasunidos.pt\/livrariaonline\/wp-json\/wp\/v2\/product"}],"about":[{"href":"https:\/\/artistasunidos.pt\/livrariaonline\/wp-json\/wp\/v2\/types\/product"}],"wp:featuredmedia":[{"embeddable":true,"href":"https:\/\/artistasunidos.pt\/livrariaonline\/wp-json\/wp\/v2\/media\/4318"}],"wp:attachment":[{"href":"https:\/\/artistasunidos.pt\/livrariaonline\/wp-json\/wp\/v2\/media?parent=4317"}],"wp:term":[{"taxonomy":"product_brand","embeddable":true,"href":"https:\/\/artistasunidos.pt\/livrariaonline\/wp-json\/wp\/v2\/product_brand?post=4317"},{"taxonomy":"product_cat","embeddable":true,"href":"https:\/\/artistasunidos.pt\/livrariaonline\/wp-json\/wp\/v2\/product_cat?post=4317"},{"taxonomy":"product_tag","embeddable":true,"href":"https:\/\/artistasunidos.pt\/livrariaonline\/wp-json\/wp\/v2\/product_tag?post=4317"}],"curies":[{"name":"wp","href":"https:\/\/api.w.org\/{rel}","templated":true}]}}