{"id":497,"date":"2017-05-29T15:08:12","date_gmt":"2017-05-29T15:08:12","guid":{"rendered":"http:\/\/localhost\/testes\/produto\/comprei-uma-pa-no-ikea-para-cavar-a-minha-sepultura-e-outras-pecas\/"},"modified":"2026-04-20T20:19:13","modified_gmt":"2026-04-20T20:19:13","slug":"comprei-uma-pa-no-ikea-para-cavar-a-minha-sepultura-e-outras-pecas","status":"publish","type":"product","link":"https:\/\/artistasunidos.pt\/livrariaonline\/produto\/comprei-uma-pa-no-ikea-para-cavar-a-minha-sepultura-e-outras-pecas\/","title":{"rendered":"COMPREI UMA P\u00c1 NO IKEA PARA CAVAR A MINHA SEPULTURA E OUTRAS PE\u00c7AS"},"content":{"rendered":"<p>Livrinhos de Teatro n\u00ba 102<\/p>\n<p>Artistas Unidos\/ Livros Cotovia<\/p>\n<p>Tradu\u00e7\u00f5es publicadas no \u00e2mbito do Programa \u201cSur\u201d de Apoio a Tradu\u00e7\u00f5es do Minist\u00e9rio dos Neg\u00f3cios Estrangeiros da Rep\u00fablica da Argentina.<\/p>\n<p>Continuamos com mais pe\u00e7as de Rodrigo Garcia. Iconoclasta, provocat\u00f3rio, l\u00edrico, \u00fanico, mesmo do nosso tempo, o autor que nos v\u00ea na fila do hipermercado.<\/p>\n","protected":false},"excerpt":{"rendered":"<p>de Rodrigo Garc\u00eda<\/p>\n","protected":false},"featured_media":498,"template":"","meta":[],"product_brand":[],"product_cat":[77],"product_tag":[],"class_list":{"0":"post-497","1":"product","2":"type-product","3":"status-publish","4":"has-post-thumbnail","6":"product_cat-livrinhos-de-teatro","8":"first","9":"outofstock","10":"taxable","11":"shipping-taxable","12":"purchasable","13":"product-type-simple"},"_links":{"self":[{"href":"https:\/\/artistasunidos.pt\/livrariaonline\/wp-json\/wp\/v2\/product\/497","targetHints":{"allow":["GET"]}}],"collection":[{"href":"https:\/\/artistasunidos.pt\/livrariaonline\/wp-json\/wp\/v2\/product"}],"about":[{"href":"https:\/\/artistasunidos.pt\/livrariaonline\/wp-json\/wp\/v2\/types\/product"}],"wp:featuredmedia":[{"embeddable":true,"href":"https:\/\/artistasunidos.pt\/livrariaonline\/wp-json\/wp\/v2\/media\/498"}],"wp:attachment":[{"href":"https:\/\/artistasunidos.pt\/livrariaonline\/wp-json\/wp\/v2\/media?parent=497"}],"wp:term":[{"taxonomy":"product_brand","embeddable":true,"href":"https:\/\/artistasunidos.pt\/livrariaonline\/wp-json\/wp\/v2\/product_brand?post=497"},{"taxonomy":"product_cat","embeddable":true,"href":"https:\/\/artistasunidos.pt\/livrariaonline\/wp-json\/wp\/v2\/product_cat?post=497"},{"taxonomy":"product_tag","embeddable":true,"href":"https:\/\/artistasunidos.pt\/livrariaonline\/wp-json\/wp\/v2\/product_tag?post=497"}],"curies":[{"name":"wp","href":"https:\/\/api.w.org\/{rel}","templated":true}]}}