{"id":620,"date":"2017-09-04T11:24:39","date_gmt":"2017-09-04T11:24:39","guid":{"rendered":"http:\/\/localhost\/testes\/produto\/a-missao-mauser\/"},"modified":"2026-04-20T20:19:27","modified_gmt":"2026-04-20T20:19:27","slug":"a-missao-mauser","status":"publish","type":"product","link":"https:\/\/artistasunidos.pt\/livrariaonline\/produto\/a-missao-mauser\/","title":{"rendered":"A MISS\u00c3O \/ MAUSER"},"content":{"rendered":"<p>Livrinhos de Teatro n\u00ba 105<\/p>\n<p>Uma edi\u00e7\u00e3o: Artistas Unidos\/ Livros Cotovia<br \/>\nMais um volume com duas pe\u00e7as de Heiner M\u00fcller: destrui\u00e7\u00e3o, ru\u00ednas, desagrega\u00e7\u00e3o do texto e do humano.<\/p>\n","protected":false},"excerpt":{"rendered":"<p>de Heiner M\u00fcller<\/p>\n","protected":false},"featured_media":621,"template":"","meta":[],"product_brand":[],"product_cat":[77],"product_tag":[],"class_list":{"0":"post-620","1":"product","2":"type-product","3":"status-publish","4":"has-post-thumbnail","6":"product_cat-livrinhos-de-teatro","8":"first","9":"outofstock","10":"taxable","11":"shipping-taxable","12":"purchasable","13":"product-type-simple"},"_links":{"self":[{"href":"https:\/\/artistasunidos.pt\/livrariaonline\/wp-json\/wp\/v2\/product\/620","targetHints":{"allow":["GET"]}}],"collection":[{"href":"https:\/\/artistasunidos.pt\/livrariaonline\/wp-json\/wp\/v2\/product"}],"about":[{"href":"https:\/\/artistasunidos.pt\/livrariaonline\/wp-json\/wp\/v2\/types\/product"}],"wp:featuredmedia":[{"embeddable":true,"href":"https:\/\/artistasunidos.pt\/livrariaonline\/wp-json\/wp\/v2\/media\/621"}],"wp:attachment":[{"href":"https:\/\/artistasunidos.pt\/livrariaonline\/wp-json\/wp\/v2\/media?parent=620"}],"wp:term":[{"taxonomy":"product_brand","embeddable":true,"href":"https:\/\/artistasunidos.pt\/livrariaonline\/wp-json\/wp\/v2\/product_brand?post=620"},{"taxonomy":"product_cat","embeddable":true,"href":"https:\/\/artistasunidos.pt\/livrariaonline\/wp-json\/wp\/v2\/product_cat?post=620"},{"taxonomy":"product_tag","embeddable":true,"href":"https:\/\/artistasunidos.pt\/livrariaonline\/wp-json\/wp\/v2\/product_tag?post=620"}],"curies":[{"name":"wp","href":"https:\/\/api.w.org\/{rel}","templated":true}]}}