{"id":622,"date":"2017-09-04T11:25:41","date_gmt":"2017-09-04T11:25:41","guid":{"rendered":"http:\/\/localhost\/testes\/produto\/a-visita-da-velha-senhora\/"},"modified":"2026-04-20T20:19:28","modified_gmt":"2026-04-20T20:19:28","slug":"a-visita-da-velha-senhora","status":"publish","type":"product","link":"https:\/\/artistasunidos.pt\/livrariaonline\/produto\/a-visita-da-velha-senhora\/","title":{"rendered":"A VISITA DA VELHA SENHORA"},"content":{"rendered":"<p>Livrinhos de Teatro n\u00ba 106<\/p>\n<p>Uma edi\u00e7\u00e3o: Artistas Unidos\/ Livros Cotovia<br \/>\nUm cl\u00e1ssico dos tempos modernos. O que \u00e9 o Poder? E a manipula\u00e7\u00e3o? Cinismo, absurdo, virulencia que nos perseguem desde meados do s\u00e9culo passado.<\/p>\n","protected":false},"excerpt":{"rendered":"<p>de Friedrich D\u00fcrrenmatt<\/p>\n","protected":false},"featured_media":623,"template":"","meta":[],"product_brand":[],"product_cat":[77],"product_tag":[],"class_list":{"0":"post-622","1":"product","2":"type-product","3":"status-publish","4":"has-post-thumbnail","6":"product_cat-livrinhos-de-teatro","8":"first","9":"outofstock","10":"taxable","11":"shipping-taxable","12":"purchasable","13":"product-type-simple"},"_links":{"self":[{"href":"https:\/\/artistasunidos.pt\/livrariaonline\/wp-json\/wp\/v2\/product\/622","targetHints":{"allow":["GET"]}}],"collection":[{"href":"https:\/\/artistasunidos.pt\/livrariaonline\/wp-json\/wp\/v2\/product"}],"about":[{"href":"https:\/\/artistasunidos.pt\/livrariaonline\/wp-json\/wp\/v2\/types\/product"}],"wp:featuredmedia":[{"embeddable":true,"href":"https:\/\/artistasunidos.pt\/livrariaonline\/wp-json\/wp\/v2\/media\/623"}],"wp:attachment":[{"href":"https:\/\/artistasunidos.pt\/livrariaonline\/wp-json\/wp\/v2\/media?parent=622"}],"wp:term":[{"taxonomy":"product_brand","embeddable":true,"href":"https:\/\/artistasunidos.pt\/livrariaonline\/wp-json\/wp\/v2\/product_brand?post=622"},{"taxonomy":"product_cat","embeddable":true,"href":"https:\/\/artistasunidos.pt\/livrariaonline\/wp-json\/wp\/v2\/product_cat?post=622"},{"taxonomy":"product_tag","embeddable":true,"href":"https:\/\/artistasunidos.pt\/livrariaonline\/wp-json\/wp\/v2\/product_tag?post=622"}],"curies":[{"name":"wp","href":"https:\/\/api.w.org\/{rel}","templated":true}]}}