{"id":629,"date":"2017-05-28T10:50:19","date_gmt":"2017-05-28T10:50:19","guid":{"rendered":"http:\/\/localhost\/testes\/produto\/dias-inteiros-nas-arvores-savannah-bay\/"},"modified":"2026-04-20T20:19:12","modified_gmt":"2026-04-20T20:19:12","slug":"dias-inteiros-nas-arvores-savannah-bay","status":"publish","type":"product","link":"https:\/\/artistasunidos.pt\/livrariaonline\/produto\/dias-inteiros-nas-arvores-savannah-bay\/","title":{"rendered":"DIAS INTEIROS NAS \u00c1RVORES \/ SAVANNAH BAY"},"content":{"rendered":"<p>Livrinhos de Teatro n\u00ba 101<\/p>\n<p>Artistas Unidos\/ Livros Cotovia com o apoio do Institut Fran\u00e7ais<\/p>\n<p>A m\u00fasica secreta de uma das personalidades maiores das artes do s\u00e9culo XX: cinema, romance, ensaio e tamb\u00e9m teatro.<\/p>\n","protected":false},"excerpt":{"rendered":"<p>de Marguerite Duras<\/p>\n","protected":false},"featured_media":630,"template":"","meta":[],"product_brand":[],"product_cat":[77],"product_tag":[],"class_list":{"0":"post-629","1":"product","2":"type-product","3":"status-publish","4":"has-post-thumbnail","6":"product_cat-livrinhos-de-teatro","8":"first","9":"outofstock","10":"taxable","11":"shipping-taxable","12":"purchasable","13":"product-type-simple"},"_links":{"self":[{"href":"https:\/\/artistasunidos.pt\/livrariaonline\/wp-json\/wp\/v2\/product\/629","targetHints":{"allow":["GET"]}}],"collection":[{"href":"https:\/\/artistasunidos.pt\/livrariaonline\/wp-json\/wp\/v2\/product"}],"about":[{"href":"https:\/\/artistasunidos.pt\/livrariaonline\/wp-json\/wp\/v2\/types\/product"}],"wp:featuredmedia":[{"embeddable":true,"href":"https:\/\/artistasunidos.pt\/livrariaonline\/wp-json\/wp\/v2\/media\/630"}],"wp:attachment":[{"href":"https:\/\/artistasunidos.pt\/livrariaonline\/wp-json\/wp\/v2\/media?parent=629"}],"wp:term":[{"taxonomy":"product_brand","embeddable":true,"href":"https:\/\/artistasunidos.pt\/livrariaonline\/wp-json\/wp\/v2\/product_brand?post=629"},{"taxonomy":"product_cat","embeddable":true,"href":"https:\/\/artistasunidos.pt\/livrariaonline\/wp-json\/wp\/v2\/product_cat?post=629"},{"taxonomy":"product_tag","embeddable":true,"href":"https:\/\/artistasunidos.pt\/livrariaonline\/wp-json\/wp\/v2\/product_tag?post=629"}],"curies":[{"name":"wp","href":"https:\/\/api.w.org\/{rel}","templated":true}]}}