{"id":709,"date":"2017-11-02T15:54:34","date_gmt":"2017-11-02T15:54:34","guid":{"rendered":"http:\/\/localhost\/testes\/?post_type=product&#038;p=709"},"modified":"2026-04-20T20:16:49","modified_gmt":"2026-04-20T20:16:49","slug":"caminho-do-ceu-jardim-queimado-animais-nocturnos","status":"publish","type":"product","link":"https:\/\/artistasunidos.pt\/livrariaonline\/produto\/caminho-do-ceu-jardim-queimado-animais-nocturnos\/","title":{"rendered":"CAMINHO DO C\u00c9U \/ JARDIM QUEIMADO \/ ANIMAIS NOCTURNOS"},"content":{"rendered":"<p>Livrinhos de Teatro n\u00ba 12<\/p>\n<p>Artistas Unidos \/ Livros Cotovia.<\/p>\n<p>Tradu\u00e7\u00f5es de Ant\u00f3nio Gon\u00e7alves<\/p>\n<p>A mem\u00f3ria, a fabrica\u00e7\u00e3o da Hist\u00f3ria, a necessidade de mentir, a dificuldade em olharmos para o horror. Nestas tr\u00eas pe\u00e7as, Juan Mayorga continua a investigar o Horror, a d\u00favida, a Lei &#8211; e a insuspeita vida dos homens.<\/p>\n<p>A lei da emigra\u00e7\u00e3o \u00e9 uma lei perversa que coroa uma sociedade perversa: tratamos assim os estrangeiros porque tratamos os outros assim. Os direitos humanos s\u00e3o uma fic\u00e7\u00e3o, uma fantasia. S\u00f3 existem os direitos da cidadania, associados a passaportes, a documentos. Aceitar isto p\u00f5e-me tamb\u00e9m a mim em perigo. Aceitar a lei sup\u00f5e que o estado pode a dado momento declarar-nos a n\u00f3s invis\u00edveis e ilegais.<br \/>\n<strong>Juan Mayorga<\/strong><\/p>\n","protected":false},"excerpt":{"rendered":"<p>de Juan Mayorga<\/p>\n","protected":false},"featured_media":710,"template":"","meta":[],"product_brand":[],"product_cat":[77],"product_tag":[],"class_list":{"0":"post-709","1":"product","2":"type-product","3":"status-publish","4":"has-post-thumbnail","6":"product_cat-livrinhos-de-teatro","8":"first","9":"instock","10":"taxable","11":"shipping-taxable","12":"purchasable","13":"product-type-simple"},"_links":{"self":[{"href":"https:\/\/artistasunidos.pt\/livrariaonline\/wp-json\/wp\/v2\/product\/709","targetHints":{"allow":["GET"]}}],"collection":[{"href":"https:\/\/artistasunidos.pt\/livrariaonline\/wp-json\/wp\/v2\/product"}],"about":[{"href":"https:\/\/artistasunidos.pt\/livrariaonline\/wp-json\/wp\/v2\/types\/product"}],"wp:featuredmedia":[{"embeddable":true,"href":"https:\/\/artistasunidos.pt\/livrariaonline\/wp-json\/wp\/v2\/media\/710"}],"wp:attachment":[{"href":"https:\/\/artistasunidos.pt\/livrariaonline\/wp-json\/wp\/v2\/media?parent=709"}],"wp:term":[{"taxonomy":"product_brand","embeddable":true,"href":"https:\/\/artistasunidos.pt\/livrariaonline\/wp-json\/wp\/v2\/product_brand?post=709"},{"taxonomy":"product_cat","embeddable":true,"href":"https:\/\/artistasunidos.pt\/livrariaonline\/wp-json\/wp\/v2\/product_cat?post=709"},{"taxonomy":"product_tag","embeddable":true,"href":"https:\/\/artistasunidos.pt\/livrariaonline\/wp-json\/wp\/v2\/product_tag?post=709"}],"curies":[{"name":"wp","href":"https:\/\/api.w.org\/{rel}","templated":true}]}}