{"id":719,"date":"2017-11-02T16:06:54","date_gmt":"2017-11-02T16:06:54","guid":{"rendered":"http:\/\/localhost\/testes\/?post_type=product&#038;p=719"},"modified":"2026-04-20T20:17:28","modified_gmt":"2026-04-20T20:17:28","slug":"rua-gagarin-black-watch","status":"publish","type":"product","link":"https:\/\/artistasunidos.pt\/livrariaonline\/produto\/rua-gagarin-black-watch\/","title":{"rendered":"RUA GAGARIN \/ BLACK WATCH"},"content":{"rendered":"<p>Livrinhos de Teatro n\u00ba 35<\/p>\n<p>Artistas Unidos \/ Livros Cotovia<\/p>\n<p>Tradu\u00e7\u00f5es Jo\u00e3o da Ponte e Jo\u00e3o Rosas<\/p>\n<p>Bem inseridas na hist\u00f3ria social da sua Esc\u00f3cia natal, as pe\u00e7as de Gregory Burke t\u00eam atravessado os palcos de todo o mundo. \u00c9 por todo o lado tem sido vista a sua an\u00e1lise ir\u00f3nica e cruel do fim do comunismo, do fim da gera\u00e7\u00e3o dos seus pais &#8211; ou o regresso de outros modos de vida comunit\u00e1ria (ser\u00e1 o militarismo a \u00faltima possibilidade de vida em comum?). Em todo o seu teatro apaixonante, queremos saber como \u00e9 voltar a casa.<\/p>\n","protected":false},"excerpt":{"rendered":"<p>de Gregory Burke<\/p>\n","protected":false},"featured_media":720,"template":"","meta":[],"product_brand":[],"product_cat":[77],"product_tag":[],"class_list":{"0":"post-719","1":"product","2":"type-product","3":"status-publish","4":"has-post-thumbnail","6":"product_cat-livrinhos-de-teatro","8":"first","9":"instock","10":"taxable","11":"shipping-taxable","12":"purchasable","13":"product-type-simple"},"_links":{"self":[{"href":"https:\/\/artistasunidos.pt\/livrariaonline\/wp-json\/wp\/v2\/product\/719","targetHints":{"allow":["GET"]}}],"collection":[{"href":"https:\/\/artistasunidos.pt\/livrariaonline\/wp-json\/wp\/v2\/product"}],"about":[{"href":"https:\/\/artistasunidos.pt\/livrariaonline\/wp-json\/wp\/v2\/types\/product"}],"wp:featuredmedia":[{"embeddable":true,"href":"https:\/\/artistasunidos.pt\/livrariaonline\/wp-json\/wp\/v2\/media\/720"}],"wp:attachment":[{"href":"https:\/\/artistasunidos.pt\/livrariaonline\/wp-json\/wp\/v2\/media?parent=719"}],"wp:term":[{"taxonomy":"product_brand","embeddable":true,"href":"https:\/\/artistasunidos.pt\/livrariaonline\/wp-json\/wp\/v2\/product_brand?post=719"},{"taxonomy":"product_cat","embeddable":true,"href":"https:\/\/artistasunidos.pt\/livrariaonline\/wp-json\/wp\/v2\/product_cat?post=719"},{"taxonomy":"product_tag","embeddable":true,"href":"https:\/\/artistasunidos.pt\/livrariaonline\/wp-json\/wp\/v2\/product_tag?post=719"}],"curies":[{"name":"wp","href":"https:\/\/api.w.org\/{rel}","templated":true}]}}