{"id":811,"date":"2017-11-08T11:30:25","date_gmt":"2017-11-08T11:30:25","guid":{"rendered":"http:\/\/www.artistasunidos.pt\/livrariateste\/?post_type=product&#038;p=811"},"modified":"2026-04-20T20:17:09","modified_gmt":"2026-04-20T20:17:09","slug":"vesperas-da-virgem-santissima-brilharetes","status":"publish","type":"product","link":"https:\/\/artistasunidos.pt\/livrariaonline\/produto\/vesperas-da-virgem-santissima-brilharetes\/","title":{"rendered":"V\u00c9SPERAS DA VIRGEM SANTISSIMA \/ BRILHARETES"},"content":{"rendered":"<p>Livrinhos de Teatro n\u00ba 22<\/p>\n<p>Artistas Unidos\/ Livros Cotovia<\/p>\n<p>Tradu\u00e7\u00f5es de Tereza Bento<\/p>\n<p>Com estas duas pe\u00e7as se concluem os QUATRO ACTOS PROFANOS de Antonio Tarantino, tecidos ininterruptos de mem\u00f3rias pessoais, de vidas encontradas na beira da sociedade, no local da maior solid\u00e3o, entre suicidas, sem-abrigo, marginais. Mas n\u00e3o \u00e9 nesses lugares que se encontra o Sagrado?<\/p>\n","protected":false},"excerpt":{"rendered":"<p>de Antonio Tarantino<\/p>\n","protected":false},"featured_media":812,"template":"","meta":[],"product_brand":[],"product_cat":[77],"product_tag":[],"class_list":{"0":"post-811","1":"product","2":"type-product","3":"status-publish","4":"has-post-thumbnail","6":"product_cat-livrinhos-de-teatro","8":"first","9":"instock","10":"taxable","11":"shipping-taxable","12":"purchasable","13":"product-type-simple"},"_links":{"self":[{"href":"https:\/\/artistasunidos.pt\/livrariaonline\/wp-json\/wp\/v2\/product\/811","targetHints":{"allow":["GET"]}}],"collection":[{"href":"https:\/\/artistasunidos.pt\/livrariaonline\/wp-json\/wp\/v2\/product"}],"about":[{"href":"https:\/\/artistasunidos.pt\/livrariaonline\/wp-json\/wp\/v2\/types\/product"}],"wp:featuredmedia":[{"embeddable":true,"href":"https:\/\/artistasunidos.pt\/livrariaonline\/wp-json\/wp\/v2\/media\/812"}],"wp:attachment":[{"href":"https:\/\/artistasunidos.pt\/livrariaonline\/wp-json\/wp\/v2\/media?parent=811"}],"wp:term":[{"taxonomy":"product_brand","embeddable":true,"href":"https:\/\/artistasunidos.pt\/livrariaonline\/wp-json\/wp\/v2\/product_brand?post=811"},{"taxonomy":"product_cat","embeddable":true,"href":"https:\/\/artistasunidos.pt\/livrariaonline\/wp-json\/wp\/v2\/product_cat?post=811"},{"taxonomy":"product_tag","embeddable":true,"href":"https:\/\/artistasunidos.pt\/livrariaonline\/wp-json\/wp\/v2\/product_tag?post=811"}],"curies":[{"name":"wp","href":"https:\/\/api.w.org\/{rel}","templated":true}]}}