{"id":818,"date":"2017-11-08T15:04:28","date_gmt":"2017-11-08T15:04:28","guid":{"rendered":"http:\/\/www.artistasunidos.pt\/livrariateste\/?post_type=product&#038;p=818"},"modified":"2026-04-20T20:16:40","modified_gmt":"2026-04-20T20:16:40","slug":"a-rua-do-inferno-marcado-pelo-tipex-santissima-apunhalada-puro-sangue","status":"publish","type":"product","link":"https:\/\/artistasunidos.pt\/livrariaonline\/produto\/a-rua-do-inferno-marcado-pelo-tipex-santissima-apunhalada-puro-sangue\/","title":{"rendered":"A RUA DO INFERNO \/ MARCADO PELO TIPEX \/ SANT\u00cdSSIMA APUNHALADA \/ PURO-SANGUE"},"content":{"rendered":"<p>Livrinhos de Teatro n\u00ba 2<\/p>\n<p>Artistas Unidos<\/p>\n<p>Tradu\u00e7\u00f5es, respectivamente, de Ant\u00f3nio Gon\u00e7alves, Joana Fraz\u00e3o, Jaime Rocha e Clara Riso<\/p>\n<p>A sua galeria de personagens, extra\u00eddas da observa\u00e7\u00e3o, mais imediata, \u00e9 composta por malandros, vadios, prostitutas, delinquentes, desempregados ou drogados que vemos em qualquer rua. O que acarreta a procura de uma linguagem popular sem precedentes, a n\u00e3o ser que olhemos para tr\u00e1s, para o folclorismo lingu\u00edstico dos irm\u00e3os Quintero. Humor, irrever\u00eancia, tro\u00e7a das institui\u00e7\u00f5es, e \u00edntima compreens\u00e3o dos seus deserdados caracterizam o teatro de Onetti.<\/p>\n<p><strong>Enrique Centeno, <em>La Escena Espa\u00f1ola Actual<\/em><\/strong><\/p>\n","protected":false},"excerpt":{"rendered":"<p>de Antonio Onetti<\/p>\n","protected":false},"featured_media":4281,"template":"","meta":[],"product_brand":[],"product_cat":[77],"product_tag":[],"class_list":{"0":"post-818","1":"product","2":"type-product","3":"status-publish","4":"has-post-thumbnail","6":"product_cat-livrinhos-de-teatro","8":"first","9":"instock","10":"taxable","11":"shipping-taxable","12":"purchasable","13":"product-type-simple"},"_links":{"self":[{"href":"https:\/\/artistasunidos.pt\/livrariaonline\/wp-json\/wp\/v2\/product\/818","targetHints":{"allow":["GET"]}}],"collection":[{"href":"https:\/\/artistasunidos.pt\/livrariaonline\/wp-json\/wp\/v2\/product"}],"about":[{"href":"https:\/\/artistasunidos.pt\/livrariaonline\/wp-json\/wp\/v2\/types\/product"}],"wp:featuredmedia":[{"embeddable":true,"href":"https:\/\/artistasunidos.pt\/livrariaonline\/wp-json\/wp\/v2\/media\/4281"}],"wp:attachment":[{"href":"https:\/\/artistasunidos.pt\/livrariaonline\/wp-json\/wp\/v2\/media?parent=818"}],"wp:term":[{"taxonomy":"product_brand","embeddable":true,"href":"https:\/\/artistasunidos.pt\/livrariaonline\/wp-json\/wp\/v2\/product_brand?post=818"},{"taxonomy":"product_cat","embeddable":true,"href":"https:\/\/artistasunidos.pt\/livrariaonline\/wp-json\/wp\/v2\/product_cat?post=818"},{"taxonomy":"product_tag","embeddable":true,"href":"https:\/\/artistasunidos.pt\/livrariaonline\/wp-json\/wp\/v2\/product_tag?post=818"}],"curies":[{"name":"wp","href":"https:\/\/api.w.org\/{rel}","templated":true}]}}