{"id":829,"date":"2017-11-08T15:17:43","date_gmt":"2017-11-08T15:17:43","guid":{"rendered":"http:\/\/www.artistasunidos.pt\/livrariateste\/?post_type=product&#038;p=829"},"modified":"2026-04-20T20:16:44","modified_gmt":"2026-04-20T20:16:44","slug":"t1-se-o-mundo-nao-fosse-assim","status":"publish","type":"product","link":"https:\/\/artistasunidos.pt\/livrariaonline\/produto\/t1-se-o-mundo-nao-fosse-assim\/","title":{"rendered":"T1 \/ SE O MUNDO N\u00c3O FOSSE ASSIM"},"content":{"rendered":"<p>Livrinhos de Teatro n\u00ba 6<\/p>\n<p>Artistas Unidos<\/p>\n<p>Acreditamos num cen\u00e1rio em teatro quando tomamos um buraco por uma porta, o foco por uma lua, ou uma coluna que l\u00e1 est\u00e1 por uma floresta. E por isso \u00e9 poss\u00edvel um mesmo palco, uma mesma \u00e1rea, num dia ser isto e no seguinte aquilo. Quantas vezes n\u00e3o o vi acontecer no espa\u00e7o d&#8217;a Capital, que acompanhei por dentro durante dois anos. Foram estas duas capacidades das paredes no teatro, a proteica e a sugestiva, que serviram de arranque para escrever T1. Quis uma pe\u00e7a que contasse a hist\u00f3ria de um cen\u00e1rio que come\u00e7a com uma forma e acaba com outra, mas cuja mudan\u00e7a n\u00e3o fosse dada a ver, antes fosse sugerida. Assim cont\u00e9m o palco o fim j\u00e1 no princ\u00edpio. Se nos distanciarmos, apercebemo-nos da ilus\u00e3o, se nos mantivermos fi\u00e9is \u00e0 fic\u00e7\u00e3o, acreditamos. As personagens apareceram mais tarde. S\u00e3o quatro, ouvem a m\u00fasica que me ajudou a escrever, m\u00fasica r\u00e1pida, como a hist\u00f3ria. Filhas do cen\u00e1rio, cresceram nos apartamentos que vemos, nunca de l\u00e1 sa\u00edram, e apesar disso, parece-me, podiam ser nossos vizinhos.<\/p>\n<p>Jos\u00e9 Maria Vieira Mendes<\/p>\n","protected":false},"excerpt":{"rendered":"<p>de Jos\u00e9 Maria Vieira Mendes<\/p>\n","protected":false},"featured_media":4292,"template":"","meta":[],"product_brand":[],"product_cat":[77],"product_tag":[],"class_list":{"0":"post-829","1":"product","2":"type-product","3":"status-publish","4":"has-post-thumbnail","6":"product_cat-livrinhos-de-teatro","8":"first","9":"outofstock","10":"taxable","11":"shipping-taxable","12":"purchasable","13":"product-type-simple"},"_links":{"self":[{"href":"https:\/\/artistasunidos.pt\/livrariaonline\/wp-json\/wp\/v2\/product\/829","targetHints":{"allow":["GET"]}}],"collection":[{"href":"https:\/\/artistasunidos.pt\/livrariaonline\/wp-json\/wp\/v2\/product"}],"about":[{"href":"https:\/\/artistasunidos.pt\/livrariaonline\/wp-json\/wp\/v2\/types\/product"}],"wp:featuredmedia":[{"embeddable":true,"href":"https:\/\/artistasunidos.pt\/livrariaonline\/wp-json\/wp\/v2\/media\/4292"}],"wp:attachment":[{"href":"https:\/\/artistasunidos.pt\/livrariaonline\/wp-json\/wp\/v2\/media?parent=829"}],"wp:term":[{"taxonomy":"product_brand","embeddable":true,"href":"https:\/\/artistasunidos.pt\/livrariaonline\/wp-json\/wp\/v2\/product_brand?post=829"},{"taxonomy":"product_cat","embeddable":true,"href":"https:\/\/artistasunidos.pt\/livrariaonline\/wp-json\/wp\/v2\/product_cat?post=829"},{"taxonomy":"product_tag","embeddable":true,"href":"https:\/\/artistasunidos.pt\/livrariaonline\/wp-json\/wp\/v2\/product_tag?post=829"}],"curies":[{"name":"wp","href":"https:\/\/api.w.org\/{rel}","templated":true}]}}