{"id":900,"date":"2017-11-08T18:11:13","date_gmt":"2017-11-08T18:11:13","guid":{"rendered":"http:\/\/www.artistasunidos.pt\/livrariateste\/?post_type=product&#038;p=900"},"modified":"2026-04-20T20:17:27","modified_gmt":"2026-04-20T20:17:27","slug":"tatuagem-inocencia","status":"publish","type":"product","link":"https:\/\/artistasunidos.pt\/livrariaonline\/produto\/tatuagem-inocencia\/","title":{"rendered":"TATUAGEM \/ INOC\u00caNCIA"},"content":{"rendered":"<p>Livrinhos de Teatro n\u00ba 34<\/p>\n<p>Artistas Unidos \/ Livros Cotovia<\/p>\n<p>Tradu\u00e7\u00e3o Jos\u00e9 Maria Vieira Mendes<\/p>\n<p>O mundo de Dea Loher \u00e9 o nosso: desorganizado, inseguro, perigoso, cheio de personagens perdidas que n\u00e3o encontram maneira de viver. Procuram conforto ou companhia, desconfiam, e sobre todas elas prevalece o desespero. E a escrita inovadora de Loher acompanha as suas personagens no del\u00edrio, segue-as, inovadora, at\u00e9 ao mais fundo dos esgotos.<\/p>\n","protected":false},"excerpt":{"rendered":"<p>de Dea Loher<\/p>\n","protected":false},"featured_media":901,"template":"","meta":[],"product_brand":[],"product_cat":[77],"product_tag":[],"class_list":{"0":"post-900","1":"product","2":"type-product","3":"status-publish","4":"has-post-thumbnail","6":"product_cat-livrinhos-de-teatro","8":"first","9":"instock","10":"taxable","11":"shipping-taxable","12":"purchasable","13":"product-type-simple"},"_links":{"self":[{"href":"https:\/\/artistasunidos.pt\/livrariaonline\/wp-json\/wp\/v2\/product\/900","targetHints":{"allow":["GET"]}}],"collection":[{"href":"https:\/\/artistasunidos.pt\/livrariaonline\/wp-json\/wp\/v2\/product"}],"about":[{"href":"https:\/\/artistasunidos.pt\/livrariaonline\/wp-json\/wp\/v2\/types\/product"}],"wp:featuredmedia":[{"embeddable":true,"href":"https:\/\/artistasunidos.pt\/livrariaonline\/wp-json\/wp\/v2\/media\/901"}],"wp:attachment":[{"href":"https:\/\/artistasunidos.pt\/livrariaonline\/wp-json\/wp\/v2\/media?parent=900"}],"wp:term":[{"taxonomy":"product_brand","embeddable":true,"href":"https:\/\/artistasunidos.pt\/livrariaonline\/wp-json\/wp\/v2\/product_brand?post=900"},{"taxonomy":"product_cat","embeddable":true,"href":"https:\/\/artistasunidos.pt\/livrariaonline\/wp-json\/wp\/v2\/product_cat?post=900"},{"taxonomy":"product_tag","embeddable":true,"href":"https:\/\/artistasunidos.pt\/livrariaonline\/wp-json\/wp\/v2\/product_tag?post=900"}],"curies":[{"name":"wp","href":"https:\/\/api.w.org\/{rel}","templated":true}]}}